{"id":31958,"date":"2020-10-22T19:10:08","date_gmt":"2020-10-22T17:10:08","guid":{"rendered":"https:\/\/andyor.com\/\/produccion-de-mascarillas\/"},"modified":"2023-02-08T18:07:40","modified_gmt":"2023-02-08T17:07:40","slug":"fabrication-de-masques","status":"publish","type":"page","link":"https:\/\/andyor.com\/fr\/fabrication-de-masques\/","title":{"rendered":"Fabrication de masques"},"content":{"rendered":"<p><div class=\"fusion-fullwidth fullwidth-box fusion-builder-row-1 video-background hundred-percent-fullwidth non-hundred-percent-height-scrolling\" style=\"--awb-background-blend-mode:overlay;--awb-border-radius-top-left:0px;--awb-border-radius-top-right:0px;--awb-border-radius-bottom-right:0px;--awb-border-radius-bottom-left:0px;--awb-padding-top:60px;--awb-padding-bottom:30px;--awb-margin-top:0px;--awb-margin-bottom:0px;--awb-background-color:rgba(1,78,119,0.62);--awb-flex-wrap:wrap;\" ><div class=\"fullwidth-video\"><video preload=\"auto\" autoplay playsinline loop muted><source src=\"https:\/\/andyor.com\/\/wp-content\/uploads\/2020\/12\/web-facemasks-2.mp4\" type=\"video\/mp4\"><\/video><\/div><div class=\"fullwidth-overlay\" style=\"background-color:rgba(1,78,119,0.62);\"><\/div><div class=\"fusion-builder-row fusion-row\"><div class=\"fusion-layout-column fusion_builder_column fusion-builder-column-0 fusion_builder_column_1_1 1_1 fusion-one-full fusion-column-first fusion-column-last\" style=\"--awb-padding-top:45px;--awb-padding-bottom:45px;--awb-bg-size:cover;\"><div class=\"fusion-column-wrapper fusion-column-has-shadow fusion-flex-column-wrapper-legacy\"><div class=\"fusion-text fusion-text-1\"><h1 style=\"font-size: 40px; text-align: center;\"><span style=\"color: #ffffff;\">Fabrication de masques<\/span><\/h1>\n<\/div><div class=\"fusion-clearfix\"><\/div><\/div><\/div><\/div><\/div><div class=\"fusion-fullwidth fullwidth-box fusion-builder-row-2 fusion-flex-container nonhundred-percent-fullwidth non-hundred-percent-height-scrolling fusion-no-small-visibility\" style=\"--awb-border-radius-top-left:0px;--awb-border-radius-top-right:0px;--awb-border-radius-bottom-right:0px;--awb-border-radius-bottom-left:0px;--awb-flex-wrap:wrap;\" ><div class=\"fusion-builder-row fusion-row fusion-flex-align-items-flex-start fusion-flex-content-wrap\" style=\"max-width:1248px;margin-left: calc(-4% \/ 2 );margin-right: calc(-4% \/ 2 );\"><div class=\"fusion-layout-column fusion_builder_column fusion-builder-column-1 fusion_builder_column_1_1 1_1 fusion-flex-column\" style=\"--awb-bg-size:cover;--awb-width-large:100%;--awb-margin-top-large:0px;--awb-spacing-right-large:1.92%;--awb-margin-bottom-large:20px;--awb-spacing-left-large:1.92%;--awb-width-medium:100%;--awb-order-medium:0;--awb-spacing-right-medium:1.92%;--awb-spacing-left-medium:1.92%;--awb-width-small:100%;--awb-order-small:0;--awb-spacing-right-small:1.92%;--awb-spacing-left-small:1.92%;\"><div class=\"fusion-column-wrapper fusion-column-has-shadow fusion-flex-justify-content-flex-start fusion-content-layout-column\"><\/div><\/div><\/div><\/div><div class=\"fusion-fullwidth fullwidth-box fusion-builder-row-3 fusion-flex-container nonhundred-percent-fullwidth non-hundred-percent-height-scrolling fusion-no-medium-visibility fusion-no-large-visibility\" style=\"--awb-border-radius-top-left:0px;--awb-border-radius-top-right:0px;--awb-border-radius-bottom-right:0px;--awb-border-radius-bottom-left:0px;--awb-flex-wrap:wrap;\" ><div class=\"fusion-builder-row fusion-row fusion-flex-align-items-flex-start fusion-flex-content-wrap\" style=\"max-width:1248px;margin-left: calc(-4% \/ 2 );margin-right: calc(-4% \/ 2 );\"><div class=\"fusion-layout-column fusion_builder_column fusion-builder-column-2 fusion_builder_column_1_1 1_1 fusion-flex-column\" style=\"--awb-bg-size:cover;--awb-width-large:100%;--awb-margin-top-large:0px;--awb-spacing-right-large:1.92%;--awb-margin-bottom-large:20px;--awb-spacing-left-large:1.92%;--awb-width-medium:100%;--awb-order-medium:0;--awb-spacing-right-medium:1.92%;--awb-spacing-left-medium:1.92%;--awb-width-small:100%;--awb-order-small:0;--awb-spacing-right-small:1.92%;--awb-spacing-left-small:1.92%;\"><div class=\"fusion-column-wrapper fusion-column-has-shadow fusion-flex-justify-content-flex-start fusion-content-layout-column\"><\/div><\/div><\/div><\/div><div class=\"fusion-fullwidth fullwidth-box fusion-builder-row-4 fusion-flex-container has-pattern-background has-mask-background nonhundred-percent-fullwidth non-hundred-percent-height-scrolling\" style=\"--awb-border-radius-top-left:0px;--awb-border-radius-top-right:0px;--awb-border-radius-bottom-right:0px;--awb-border-radius-bottom-left:0px;--awb-background-color:var(--awb-color4);--awb-flex-wrap:wrap;\" ><div class=\"fusion-builder-row fusion-row fusion-flex-align-items-flex-start fusion-flex-content-wrap\" style=\"max-width:1248px;margin-left: calc(-4% \/ 2 );margin-right: calc(-4% \/ 2 );\"><div class=\"fusion-layout-column fusion_builder_column fusion-builder-column-3 fusion_builder_column_1_1 1_1 fusion-flex-column\" style=\"--awb-bg-size:cover;--awb-width-large:100%;--awb-margin-top-large:0px;--awb-spacing-right-large:1.92%;--awb-margin-bottom-large:20px;--awb-spacing-left-large:1.92%;--awb-width-medium:100%;--awb-order-medium:0;--awb-spacing-right-medium:1.92%;--awb-spacing-left-medium:1.92%;--awb-width-small:100%;--awb-order-small:0;--awb-spacing-right-small:1.92%;--awb-spacing-left-small:1.92%;\"><div class=\"fusion-column-wrapper fusion-column-has-shadow fusion-flex-justify-content-flex-start fusion-content-layout-column\"><div class=\"fusion-separator fusion-full-width-sep\" style=\"align-self: center;margin-left: auto;margin-right: auto;width:100%;\"><\/div><div class=\"fusion-text fusion-text-2\"><h3 class=\"fusion-responsive-typography-calculated\" style=\"text-align: center;\" data-fontsize=\"18\" data-lineheight=\"23.4px\"><span style=\"font-size: 18pt;\"><strong>SOLUCIONES PARA LA\u00a0<\/strong><strong>SOLUTIONS POUR L\u2019AUTOMATISATION INDUSTRIELLE<\/strong><\/span><\/h3>\n<\/div><div class=\"fusion-separator fusion-full-width-sep\" style=\"align-self: center;margin-left: auto;margin-right: auto;width:100%;\"><div class=\"fusion-separator-border sep-single sep-solid\" style=\"--awb-height:20px;--awb-amount:20px;border-color:#e2e2e2;border-top-width:1px;\"><\/div><\/div><div class=\"fusion-text fusion-text-3\"><p style=\"text-align: center;\"><a href=\"https:\/\/andyor.com\/fr\/depalettiseurs\/\">D\u00e9palettiseurs<\/a> |\u00a0 <a href=\"https:\/\/andyor.com\/fr\/controle-de-qualite-et-inspection\/\">Testeuses de fuites <\/a>\u00a0|\u00a0 <a href=\"https:\/\/andyor.com\/fr\/empaquetage-en-caisses-et-en-barquettes\/\">Machines d\u2019empaquetage de bouteilles<\/a><br \/>\n<a href=\"https:\/\/andyor.com\/fr\/ensacheuses\/\">Ensacheuses de bouteilles<\/a>\u00a0 | \u00a0<a href=\"https:\/\/andyor.com\/fr\/robots-palettiseurs\/\">Palettiseurs<\/a> |\u00a0<a href=\"https:\/\/andyor.com\/fr\/manipulation-de-palettes\/\">Convoyeurs de palettes<\/a>\u00a0 |\u00a0 <a href=\"https:\/\/andyor.com\/fr\/robotique-mobile\/\">AGV robot<\/a><\/p>\n<\/div><div class=\"fusion-separator fusion-full-width-sep\" style=\"align-self: center;margin-left: auto;margin-right: auto;width:100%;\"><div class=\"fusion-separator-border sep-single sep-solid\" style=\"--awb-height:20px;--awb-amount:20px;border-color:#e2e2e2;border-top-width:1px;\"><\/div><\/div><div class=\"fusion-separator fusion-full-width-sep\" style=\"align-self: center;margin-left: auto;margin-right: auto;width:100%;\"><\/div><\/div><\/div><\/div><\/div><\/p>\n","protected":false},"excerpt":{"rendered":"","protected":false},"author":1,"featured_media":29696,"parent":0,"menu_order":0,"comment_status":"closed","ping_status":"closed","template":"100-width.php","meta":{"footnotes":""},"class_list":["post-31958","page","type-page","status-publish","has-post-thumbnail","hentry"],"yoast_head":"<!-- This site is optimized with the Yoast SEO plugin v27.3 - https:\/\/yoast.com\/product\/yoast-seo-wordpress\/ -->\n<title>Machines pour la fabrication de masques | ANDYOR<\/title>\n<meta name=\"description\" content=\"\u00c9quipements con\u00e7us par AND&amp;OR pour les lignes de production de masques de type chirurgicaux, hygi\u00e9niques, FFP2 et FFP3\" \/>\n<meta name=\"robots\" content=\"index, follow, max-snippet:-1, max-image-preview:large, max-video-preview:-1\" \/>\n<link rel=\"canonical\" href=\"https:\/\/andyor.com\/fr\/fabrication-de-masques\/\" \/>\n<meta property=\"og:locale\" content=\"fr_FR\" \/>\n<meta property=\"og:type\" content=\"article\" \/>\n<meta property=\"og:title\" content=\"Machines pour la fabrication de masques | ANDYOR\" \/>\n<meta property=\"og:description\" content=\"\u00c9quipements con\u00e7us par AND&amp;OR pour les lignes de production de masques de type chirurgicaux, hygi\u00e9niques, FFP2 et FFP3\" \/>\n<meta property=\"og:url\" content=\"https:\/\/andyor.com\/fr\/fabrication-de-masques\/\" \/>\n<meta property=\"og:site_name\" content=\"Andyor\" \/>\n<meta property=\"article:modified_time\" content=\"2023-02-08T17:07:40+00:00\" \/>\n<meta property=\"og:image\" content=\"https:\/\/andyor.com\/wp-content\/uploads\/2020\/10\/Uso-materia-prima-mascarilla.jpg\" \/>\n\t<meta property=\"og:image:width\" content=\"1200\" \/>\n\t<meta property=\"og:image:height\" content=\"800\" \/>\n\t<meta property=\"og:image:type\" content=\"image\/jpeg\" \/>\n<meta name=\"twitter:card\" content=\"summary_large_image\" \/>\n<meta name=\"twitter:label1\" content=\"Dur\u00e9e de lecture estim\u00e9e\" \/>\n\t<meta name=\"twitter:data1\" content=\"5 minutes\" \/>\n<script type=\"application\/ld+json\" class=\"yoast-schema-graph\">{\"@context\":\"https:\\\/\\\/schema.org\",\"@graph\":[{\"@type\":\"WebPage\",\"@id\":\"https:\\\/\\\/andyor.com\\\/fr\\\/fabrication-de-masques\\\/\",\"url\":\"https:\\\/\\\/andyor.com\\\/fr\\\/fabrication-de-masques\\\/\",\"name\":\"Machines pour la fabrication de masques | ANDYOR\",\"isPartOf\":{\"@id\":\"https:\\\/\\\/andyor.com\\\/#website\"},\"primaryImageOfPage\":{\"@id\":\"https:\\\/\\\/andyor.com\\\/fr\\\/fabrication-de-masques\\\/#primaryimage\"},\"image\":{\"@id\":\"https:\\\/\\\/andyor.com\\\/fr\\\/fabrication-de-masques\\\/#primaryimage\"},\"thumbnailUrl\":\"https:\\\/\\\/andyor.com\\\/wp-content\\\/uploads\\\/2020\\\/10\\\/Uso-materia-prima-mascarilla.jpg\",\"datePublished\":\"2020-10-22T17:10:08+00:00\",\"dateModified\":\"2023-02-08T17:07:40+00:00\",\"description\":\"\u00c9quipements con\u00e7us par AND&OR pour les lignes de production de masques de type chirurgicaux, hygi\u00e9niques, FFP2 et FFP3\",\"inLanguage\":\"fr-FR\",\"potentialAction\":[{\"@type\":\"ReadAction\",\"target\":[\"https:\\\/\\\/andyor.com\\\/fr\\\/fabrication-de-masques\\\/\"]}]},{\"@type\":\"ImageObject\",\"inLanguage\":\"fr-FR\",\"@id\":\"https:\\\/\\\/andyor.com\\\/fr\\\/fabrication-de-masques\\\/#primaryimage\",\"url\":\"https:\\\/\\\/andyor.com\\\/wp-content\\\/uploads\\\/2020\\\/10\\\/Uso-materia-prima-mascarilla.jpg\",\"contentUrl\":\"https:\\\/\\\/andyor.com\\\/wp-content\\\/uploads\\\/2020\\\/10\\\/Uso-materia-prima-mascarilla.jpg\",\"width\":1200,\"height\":800},{\"@type\":\"WebSite\",\"@id\":\"https:\\\/\\\/andyor.com\\\/#website\",\"url\":\"https:\\\/\\\/andyor.com\\\/\",\"name\":\"Andyor\",\"description\":\"Solutions for Blow molding, Bottling and Packaging industries\",\"potentialAction\":[{\"@type\":\"SearchAction\",\"target\":{\"@type\":\"EntryPoint\",\"urlTemplate\":\"https:\\\/\\\/andyor.com\\\/?s={search_term_string}\"},\"query-input\":{\"@type\":\"PropertyValueSpecification\",\"valueRequired\":true,\"valueName\":\"search_term_string\"}}],\"inLanguage\":\"fr-FR\"}]}<\/script>\n<!-- \/ Yoast SEO plugin. -->","yoast_head_json":{"title":"Machines pour la fabrication de masques | ANDYOR","description":"\u00c9quipements con\u00e7us par AND&OR pour les lignes de production de masques de type chirurgicaux, hygi\u00e9niques, FFP2 et FFP3","robots":{"index":"index","follow":"follow","max-snippet":"max-snippet:-1","max-image-preview":"max-image-preview:large","max-video-preview":"max-video-preview:-1"},"canonical":"https:\/\/andyor.com\/fr\/fabrication-de-masques\/","og_locale":"fr_FR","og_type":"article","og_title":"Machines pour la fabrication de masques | ANDYOR","og_description":"\u00c9quipements con\u00e7us par AND&OR pour les lignes de production de masques de type chirurgicaux, hygi\u00e9niques, FFP2 et FFP3","og_url":"https:\/\/andyor.com\/fr\/fabrication-de-masques\/","og_site_name":"Andyor","article_modified_time":"2023-02-08T17:07:40+00:00","og_image":[{"width":1200,"height":800,"url":"https:\/\/andyor.com\/wp-content\/uploads\/2020\/10\/Uso-materia-prima-mascarilla.jpg","type":"image\/jpeg"}],"twitter_card":"summary_large_image","twitter_misc":{"Dur\u00e9e de lecture estim\u00e9e":"5 minutes"},"schema":{"@context":"https:\/\/schema.org","@graph":[{"@type":"WebPage","@id":"https:\/\/andyor.com\/fr\/fabrication-de-masques\/","url":"https:\/\/andyor.com\/fr\/fabrication-de-masques\/","name":"Machines pour la fabrication de masques | ANDYOR","isPartOf":{"@id":"https:\/\/andyor.com\/#website"},"primaryImageOfPage":{"@id":"https:\/\/andyor.com\/fr\/fabrication-de-masques\/#primaryimage"},"image":{"@id":"https:\/\/andyor.com\/fr\/fabrication-de-masques\/#primaryimage"},"thumbnailUrl":"https:\/\/andyor.com\/wp-content\/uploads\/2020\/10\/Uso-materia-prima-mascarilla.jpg","datePublished":"2020-10-22T17:10:08+00:00","dateModified":"2023-02-08T17:07:40+00:00","description":"\u00c9quipements con\u00e7us par AND&OR pour les lignes de production de masques de type chirurgicaux, hygi\u00e9niques, FFP2 et FFP3","inLanguage":"fr-FR","potentialAction":[{"@type":"ReadAction","target":["https:\/\/andyor.com\/fr\/fabrication-de-masques\/"]}]},{"@type":"ImageObject","inLanguage":"fr-FR","@id":"https:\/\/andyor.com\/fr\/fabrication-de-masques\/#primaryimage","url":"https:\/\/andyor.com\/wp-content\/uploads\/2020\/10\/Uso-materia-prima-mascarilla.jpg","contentUrl":"https:\/\/andyor.com\/wp-content\/uploads\/2020\/10\/Uso-materia-prima-mascarilla.jpg","width":1200,"height":800},{"@type":"WebSite","@id":"https:\/\/andyor.com\/#website","url":"https:\/\/andyor.com\/","name":"Andyor","description":"Solutions for Blow molding, Bottling and Packaging industries","potentialAction":[{"@type":"SearchAction","target":{"@type":"EntryPoint","urlTemplate":"https:\/\/andyor.com\/?s={search_term_string}"},"query-input":{"@type":"PropertyValueSpecification","valueRequired":true,"valueName":"search_term_string"}}],"inLanguage":"fr-FR"}]}},"_links":{"self":[{"href":"https:\/\/andyor.com\/fr\/wp-json\/wp\/v2\/pages\/31958","targetHints":{"allow":["GET"]}}],"collection":[{"href":"https:\/\/andyor.com\/fr\/wp-json\/wp\/v2\/pages"}],"about":[{"href":"https:\/\/andyor.com\/fr\/wp-json\/wp\/v2\/types\/page"}],"author":[{"embeddable":true,"href":"https:\/\/andyor.com\/fr\/wp-json\/wp\/v2\/users\/1"}],"replies":[{"embeddable":true,"href":"https:\/\/andyor.com\/fr\/wp-json\/wp\/v2\/comments?post=31958"}],"version-history":[{"count":2,"href":"https:\/\/andyor.com\/fr\/wp-json\/wp\/v2\/pages\/31958\/revisions"}],"predecessor-version":[{"id":35594,"href":"https:\/\/andyor.com\/fr\/wp-json\/wp\/v2\/pages\/31958\/revisions\/35594"}],"wp:featuredmedia":[{"embeddable":true,"href":"https:\/\/andyor.com\/fr\/wp-json\/wp\/v2\/media\/29696"}],"wp:attachment":[{"href":"https:\/\/andyor.com\/fr\/wp-json\/wp\/v2\/media?parent=31958"}],"curies":[{"name":"wp","href":"https:\/\/api.w.org\/{rel}","templated":true}]}}