{"id":32085,"date":"2020-03-31T19:44:09","date_gmt":"2020-03-31T17:44:09","guid":{"rendered":"https:\/\/andyor.com\/\/empleo\/"},"modified":"2022-09-14T11:28:06","modified_gmt":"2022-09-14T09:28:06","slug":"emploi","status":"publish","type":"page","link":"https:\/\/andyor.com\/fr\/emploi\/","title":{"rendered":"Emploi"},"content":{"rendered":"<p><div class=\"fusion-fullwidth fullwidth-box fusion-builder-row-1 fusion-parallax-none hundred-percent-fullwidth non-hundred-percent-height-scrolling\" style=\"--awb-border-radius-top-left:0px;--awb-border-radius-top-right:0px;--awb-border-radius-bottom-right:0px;--awb-border-radius-bottom-left:0px;--awb-padding-top:300px;--awb-padding-bottom:10px;--awb-margin-top:0px;--awb-margin-bottom:0px;--awb-background-image:url(&quot;https:\/\/andyor.com\/\/wp-content\/uploads\/2020\/11\/EQUIPO_HUMANO.jpg&quot;);--awb-background-size:cover;--awb-flex-wrap:wrap;\" ><div class=\"fusion-builder-row fusion-row\"><div class=\"fusion-layout-column fusion_builder_column fusion-builder-column-0 fusion_builder_column_1_1 1_1 fusion-one-full fusion-column-first fusion-column-last\" style=\"--awb-padding-top:45px;--awb-padding-bottom:45px;--awb-bg-size:cover;\"><div class=\"fusion-column-wrapper fusion-column-has-shadow fusion-flex-column-wrapper-legacy\"><div class=\"fusion-text fusion-text-1\"><h1 style=\"font-size: 40px; text-align: center;\"><span style=\"color: #ffffff;\">Emploi<\/span><\/h1>\n<\/div><div class=\"fusion-clearfix\"><\/div><\/div><\/div><\/div><\/div><div class=\"fusion-fullwidth fullwidth-box fusion-builder-row-2 hundred-percent-fullwidth non-hundred-percent-height-scrolling\" style=\"--awb-border-radius-top-left:0px;--awb-border-radius-top-right:0px;--awb-border-radius-bottom-right:0px;--awb-border-radius-bottom-left:0px;--awb-overflow:visible;--awb-flex-wrap:wrap;\" ><div class=\"fusion-builder-row fusion-row\"><div class=\"fusion-layout-column fusion_builder_column fusion-builder-column-1 fusion_builder_column_1_1 1_1 fusion-one-full fusion-column-first fusion-column-last fusion-column-no-min-height\" style=\"--awb-bg-size:cover;--awb-margin-bottom:0px;\"><div class=\"fusion-column-wrapper fusion-flex-column-wrapper-legacy\"><div class=\"fusion-sep-clear\"><\/div><div class=\"fusion-separator fusion-full-width-sep\" style=\"margin-left: auto;margin-right: auto;margin-top:30px;margin-bottom:30px;width:100%;\"><\/div><div class=\"fusion-sep-clear\"><\/div><div class=\"fusion-clearfix\"><\/div><\/div><\/div><div class=\"fusion-layout-column fusion_builder_column fusion-builder-column-2 fusion_builder_column_1_2 1_2 fusion-one-half fusion-column-first\" style=\"--awb-bg-size:cover;width:48%; margin-right: 4%;\"><div class=\"fusion-column-wrapper fusion-flex-column-wrapper-legacy\"><div class=\"fusion-title title fusion-title-1 fusion-sep-none fusion-title-text fusion-title-size-two\" style=\"--awb-margin-top-small:10px;--awb-margin-right-small:0px;--awb-margin-bottom-small:10px;--awb-margin-left-small:0px;--awb-sep-color:#669f86;\"><h2 class=\"fusion-title-heading title-heading-left fusion-responsive-typography-calculated\" style=\"margin:0;--fontSize:24;line-height:1.2;\">Notre \u00e9quipe<\/h2><\/div><div class=\"fusion-text fusion-text-2\"><p><span style=\"font-weight: 400;\">Notre groupe est compos\u00e9 d\u2019une \u00e9quipe de jeunes professionnels comp\u00e9tents ayant l\u2019objectif d\u2019\u00eatre cr\u00e9atifs et efficaces au service de sa client\u00e8le.<\/span><\/p>\n<p><span style=\"font-weight: 400;\">Depuis sa cr\u00e9ation en 1986, AND&amp;OR conna\u00eet l\u2019importance d\u2019avoir un esprit organisationnel bas\u00e9 sur l\u2019implication et l\u2019\u00e9panouissement de son personnel afin d\u2019atteindre l\u2019excellence et de se distinguer sur un march\u00e9 de plus en plus dynamique et concurrentiel.<\/span><\/p>\n<p><span style=\"font-weight: 400;\">Dans notre entreprise, le personnel est consid\u00e9r\u00e9 comme un \u00e9l\u00e9ment fondamental et strat\u00e9gique.<\/span><\/p>\n<p><span style=\"font-weight: 400;\">Postulez \u00e0 nos offres d\u2019emploi ou envoyez votre candidature spontan\u00e9e \u00e0: <\/span><\/p>\n<\/div><div class=\"fusion-clearfix\"><\/div><\/div><\/div><div class=\"fusion-layout-column fusion_builder_column fusion-builder-column-3 fusion_builder_column_1_2 1_2 fusion-one-half fusion-column-last\" style=\"--awb-bg-size:cover;width:48%;\"><div class=\"fusion-column-wrapper fusion-flex-column-wrapper-legacy\"><div class=\"fusion-title title fusion-title-2 fusion-sep-none fusion-title-text fusion-title-size-two\" style=\"--awb-margin-top-small:10px;--awb-margin-right-small:0px;--awb-margin-bottom-small:10px;--awb-margin-left-small:0px;\"><h2 class=\"fusion-title-heading title-heading-left fusion-responsive-typography-calculated\" style=\"margin:0;--fontSize:24;line-height:1.2;\">Derni\u00e8res offres d\u2019emplois<\/h2><\/div><div class=\"fusion-blog-shortcode fusion-blog-shortcode-1 fusion-blog-archive fusion-blog-layout-timeline-wrapper fusion-blog-infinite fusion-blog-no-images\"><div class=\"fusion-posts-container fusion-posts-container-infinite fusion-posts-container-load-more fusion-no-meta-info\" data-pages=\"6\"><div class=\"fusion-timeline-icon\"><i class=\"awb-icon-bubbles\" style=\"color:#f2f3f5;\" aria-hidden=\"true\"><\/i><\/div><div class=\"fusion-blog-layout-timeline fusion-clearfix\"><div class=\"fusion-timeline-line\" style=\"border-left:1px solid #f2f3f5;border-right:1px solid #f2f3f5;\"><\/div><h3 class=\"fusion-timeline-date\" style=\"background-color:#f2f3f5;\">mai 2023<\/h3><div class=\"fusion-collapse-month\"><article id=\"blog-1-post-36010\" style=\"border-color:#f2f3f5;\" class=\"fusion-post-timeline fusion-clearfix fusion-left-column post-36010 post type-post status-publish format-standard hentry category-emploi\">\n<div class=\"fusion-post-wrapper\" style=\"background-color:rgba(255,255,255,0);\"><div class=\"fusion-post-content-wrapper\" style=\"padding:30px 25px 25px 25px;\"><div class=\"fusion-post-content post-content\"><div class=\"fusion-timeline-circle\" style=\"background-color:#f2f3f5;\"><\/div><div class=\"fusion-timeline-arrow\" style=\"color:#f2f3f5;\"><\/div><h2 class=\"blog-shortcode-post-title entry-title\"><a href=\"https:\/\/andyor.com\/fr\/after-sales-service-for-america\/\">AFTER SALES SERVICE FOR AMERICA<\/a><\/h2><\/div><\/div><div class=\"fusion-clearfix\"><\/div><\/div>\n<\/article>\n<article id=\"blog-1-post-36000\" style=\"border-color:#f2f3f5;\" class=\"fusion-post-timeline fusion-clearfix fusion-right-column post-36000 post type-post status-publish format-standard hentry category-emploi\">\n<div class=\"fusion-post-wrapper\" style=\"background-color:rgba(255,255,255,0);\"><div class=\"fusion-post-content-wrapper\" style=\"padding:30px 25px 25px 25px;\"><div class=\"fusion-post-content post-content\"><div class=\"fusion-timeline-circle\" style=\"background-color:#f2f3f5;\"><\/div><div class=\"fusion-timeline-arrow\" style=\"color:#f2f3f5;\"><\/div><h2 class=\"blog-shortcode-post-title entry-title\"><a href=\"https:\/\/andyor.com\/fr\/technical-service-for-america\/\">FIELD SERVICE TECHNICIAN FOR AMERICA<\/a><\/h2><\/div><\/div><div class=\"fusion-clearfix\"><\/div><\/div>\n<\/article>\n<article id=\"blog-1-post-36003\" style=\"border-color:#f2f3f5;\" class=\"fusion-post-timeline fusion-clearfix fusion-left-column post-36003 post type-post status-publish format-standard hentry category-emploi\">\n<div class=\"fusion-post-wrapper\" style=\"background-color:rgba(255,255,255,0);\"><div class=\"fusion-post-content-wrapper\" style=\"padding:30px 25px 25px 25px;\"><div class=\"fusion-post-content post-content\"><div class=\"fusion-timeline-circle\" style=\"background-color:#f2f3f5;\"><\/div><div class=\"fusion-timeline-arrow\" style=\"color:#f2f3f5;\"><\/div><h2 class=\"blog-shortcode-post-title entry-title\"><a href=\"https:\/\/andyor.com\/fr\/technical-service-for-central-europe-cloned\/\">FIELD SERVICE TECHNICIAN FOR CENTRAL EUROPE<\/a><\/h2><\/div><\/div><div class=\"fusion-clearfix\"><\/div><\/div>\n<\/article>\n<\/div><h3 class=\"fusion-timeline-date\" style=\"background-color:#f2f3f5;\">ao\u00fbt 2022<\/h3><div class=\"fusion-collapse-month\"><article id=\"blog-1-post-35169\" style=\"border-color:#f2f3f5;\" class=\"fusion-post-timeline fusion-clearfix fusion-right-column post-35169 post type-post status-publish format-standard hentry category-emploi\">\n<div class=\"fusion-post-wrapper\" style=\"background-color:rgba(255,255,255,0);\"><div class=\"fusion-post-content-wrapper\" style=\"padding:30px 25px 25px 25px;\"><div class=\"fusion-post-content post-content\"><div class=\"fusion-timeline-circle\" style=\"background-color:#f2f3f5;\"><\/div><div class=\"fusion-timeline-arrow\" style=\"color:#f2f3f5;\"><\/div><h2 class=\"blog-shortcode-post-title entry-title\"><a href=\"https:\/\/andyor.com\/fr\/monteur-electromecanique-madrid-espagne\/\">MONTEUR \u00c9LECTROM\u00c9CANIQUE (MADRID, ESPAGNE)<\/a><\/h2><\/div><\/div><div class=\"fusion-clearfix\"><\/div><\/div>\n<\/article>\n<\/div><\/div><\/div><div class=\"fusion-infinite-scroll-trigger\"><\/div><div class=\"pagination infinite-scroll clearfix\" style=\"display:none;\"><span class=\"current\">1<\/span><a href=\"https:\/\/andyor.com\/fr\/wp-json\/wp\/v2\/pages\/32085\/page\/2\/\" class=\"inactive\">2<\/a><a class=\"pagination-next\" rel=\"next\" href=\"https:\/\/andyor.com\/fr\/wp-json\/wp\/v2\/pages\/32085\/page\/2\/\"><span class=\"page-text\">Next<\/span><span class=\"page-next\"><\/span><\/a><\/div><div class=\"fusion-clearfix\"><\/div><button class=\"fusion-load-more-button fusion-blog-button fusion-clearfix\">charger plus de messages<\/button><\/div><div class=\"fusion-clearfix\"><\/div><\/div><\/div><\/div><\/div><div class=\"fusion-fullwidth fullwidth-box fusion-builder-row-3 nonhundred-percent-fullwidth non-hundred-percent-height-scrolling\" style=\"--awb-border-radius-top-left:0px;--awb-border-radius-top-right:0px;--awb-border-radius-bottom-right:0px;--awb-border-radius-bottom-left:0px;--awb-padding-top:60px;--awb-padding-right:60px;--awb-padding-bottom:60px;--awb-padding-left:60px;--awb-background-color:rgba(102,159,134,0.55);--awb-flex-wrap:wrap;\" ><div class=\"fusion-builder-row fusion-row\"><div class=\"fusion-layout-column fusion_builder_column fusion-builder-column-4 fusion_builder_column_1_5 1_5 fusion-one-fifth fusion-column-first fusion-no-small-visibility\" style=\"--awb-bg-size:cover;width:20%;width:calc(20% - ( ( 4% + 4% ) * 0.2 ) );margin-right: 4%;\"><div class=\"fusion-column-wrapper fusion-column-has-shadow fusion-flex-column-wrapper-legacy\"><div class=\"fusion-clearfix\"><\/div><\/div><\/div><div class=\"fusion-layout-column fusion_builder_column fusion-builder-column-5 fusion_builder_column_3_5 3_5 fusion-three-fifth\" style=\"--awb-padding-top:40px;--awb-padding-right:40px;--awb-padding-bottom:40px;--awb-padding-left:40px;--awb-bg-color:#eaeaea;--awb-bg-color-hover:#eaeaea;--awb-bg-size:cover;width:60%;width:calc(60% - ( ( 4% + 4% ) * 0.6 ) );margin-right: 4%;\"><div class=\"fusion-column-wrapper fusion-column-has-shadow fusion-flex-column-wrapper-legacy\"><div class=\"fusion-title title fusion-title-3 fusion-sep-none fusion-title-center fusion-title-text fusion-title-size-two\" style=\"--awb-margin-top-small:10px;--awb-margin-right-small:0px;--awb-margin-bottom-small:10px;--awb-margin-left-small:0px;\"><h2 class=\"fusion-title-heading title-heading-center fusion-responsive-typography-calculated\" style=\"margin:0;--fontSize:24;line-height:1.2;\">Envoyez votre CV<\/h2><\/div><script type=\"text\/javascript\">var gform;gform||(document.addEventListener(\"gform_main_scripts_loaded\",function(){gform.scriptsLoaded=!0}),window.addEventListener(\"DOMContentLoaded\",function(){gform.domLoaded=!0}),gform={domLoaded:!1,scriptsLoaded:!1,initializeOnLoaded:function(o){gform.domLoaded&&gform.scriptsLoaded?o():!gform.domLoaded&&gform.scriptsLoaded?window.addEventListener(\"DOMContentLoaded\",o):document.addEventListener(\"gform_main_scripts_loaded\",o)},hooks:{action:{},filter:{}},addAction:function(o,n,r,t){gform.addHook(\"action\",o,n,r,t)},addFilter:function(o,n,r,t){gform.addHook(\"filter\",o,n,r,t)},doAction:function(o){gform.doHook(\"action\",o,arguments)},applyFilters:function(o){return gform.doHook(\"filter\",o,arguments)},removeAction:function(o,n){gform.removeHook(\"action\",o,n)},removeFilter:function(o,n,r){gform.removeHook(\"filter\",o,n,r)},addHook:function(o,n,r,t,i){null==gform.hooks[o][n]&&(gform.hooks[o][n]=[]);var e=gform.hooks[o][n];null==i&&(i=n+\"_\"+e.length),gform.hooks[o][n].push({tag:i,callable:r,priority:t=null==t?10:t})},doHook:function(n,o,r){var t;if(r=Array.prototype.slice.call(r,1),null!=gform.hooks[n][o]&&((o=gform.hooks[n][o]).sort(function(o,n){return o.priority-n.priority}),o.forEach(function(o){\"function\"!=typeof(t=o.callable)&&(t=window[t]),\"action\"==n?t.apply(null,r):r[0]=t.apply(null,r)})),\"filter\"==n)return r[0]},removeHook:function(o,n,t,i){var r;null!=gform.hooks[o][n]&&(r=(r=gform.hooks[o][n]).filter(function(o,n,r){return!!(null!=i&&i!=o.tag||null!=t&&t!=o.priority)}),gform.hooks[o][n]=r)}});<\/script>\n                <div class='gf_browser_gecko gform_wrapper gravity-theme' id='gform_wrapper_1' >\n                        <div class='gform_heading'>\n                            <span class='gform_description'><\/span>\n\t\t\t\t\t\t\t<p class='gform_required_legend'>\u00ab\u00a0<span class=\"gfield_required gfield_required_asterisk\">*<\/span>\u00a0\u00bb indique les champs n\u00e9cessaires<\/p>\n                        <\/div><form method='post' enctype='multipart\/form-data'  id='gform_1'  action='\/fr\/wp-json\/wp\/v2\/pages\/32085' novalidate>\n                        <div class='gform_body gform-body'><div id='gform_fields_1' class='gform_fields top_label form_sublabel_below description_below'><fieldset id=\"field_1_1\"  class=\"gfield gfield--width-full gfield_contains_required field_sublabel_hidden_label field_description_below gfield_visibility_visible\"  data-js-reload=\"field_1_1\"><legend class='gfield_label gfield_label_before_complex'  >Nom<span class=\"gfield_required\"><span class=\"gfield_required gfield_required_asterisk\">*<\/span><\/span><\/legend><div class='ginput_complex ginput_container no_prefix has_first_name no_middle_name no_last_name no_suffix gf_name_has_1 ginput_container_name' id='input_1_1'>\n                            \n                            <span id='input_1_1_3_container' class='name_first' >\n                                                    <input type='text' name='input_1.3' id='input_1_1_3' value=''   aria-required='true'     \/>\n                                                    <label for='input_1_1_3' class='hidden_sub_label screen-reader-text'>Pr\u00e9nom<\/label>\n                                                <\/span>\n                            \n                            \n                            \n                        <\/div><\/fieldset><div id=\"field_1_2\"  class=\"gfield gfield--width-half gfield_contains_required field_sublabel_below field_description_below gfield_visibility_visible\"  data-js-reload=\"field_1_2\"><label class='gfield_label' for='input_1_2' >Portable<span class=\"gfield_required\"><span class=\"gfield_required gfield_required_asterisk\">*<\/span><\/span><\/label><div class='ginput_container ginput_container_phone'><input name='input_2' id='input_1_2' type='tel' value='' class='large'   aria-required=\"true\" aria-invalid=\"false\"   \/><\/div><\/div><div id=\"field_1_3\"  class=\"gfield gfield--width-half gfield_contains_required field_sublabel_below field_description_below gfield_visibility_visible\"  data-js-reload=\"field_1_3\"><label class='gfield_label' for='input_1_3' >Email<span class=\"gfield_required\"><span class=\"gfield_required gfield_required_asterisk\">*<\/span><\/span><\/label><div class='ginput_container ginput_container_email'>\n                            <input name='input_3' id='input_1_3' type='email' value='' class='large'    aria-required=\"true\" aria-invalid=\"false\"  \/>\n                        <\/div><\/div><div id=\"field_1_4\"  class=\"gfield gfield--width-full gfield_contains_required field_sublabel_below field_description_below gfield_visibility_visible\"  data-js-reload=\"field_1_4\"><label class='gfield_label' for='input_1_4' >Sujet<span class=\"gfield_required\"><span class=\"gfield_required gfield_required_asterisk\">*<\/span><\/span><\/label><div class='ginput_container ginput_container_text'><input name='input_4' id='input_1_4' type='text' value='' class='large'     aria-required=\"true\" aria-invalid=\"false\"   \/> <\/div><\/div><div id=\"field_1_5\"  class=\"gfield gfield--width-full field_sublabel_below field_description_below gfield_visibility_visible\"  data-js-reload=\"field_1_5\"><label class='gfield_label' for='input_1_5' >Message<\/label><div class='ginput_container ginput_container_textarea'><textarea name='input_5' id='input_1_5' class='textarea large'      aria-invalid=\"false\"   rows='10' cols='50'><\/textarea><\/div><\/div><div id=\"field_1_6\"  class=\"gfield field_sublabel_below field_description_below gfield_visibility_visible\"  data-js-reload=\"field_1_6\"><label class='gfield_label' for='input_1_6' >Envoyez votre CV<\/label><div class='ginput_container ginput_container_fileupload'><input type='hidden' name='MAX_FILE_SIZE' value='10485760' \/><input name='input_6' id='input_1_6' type='file' class='large' aria-describedby=\"gfield_upload_rules_1_6\" onchange='javascript:gformValidateFileSize( this, 10485760 );'  \/><span class='gform_fileupload_rules' id='gfield_upload_rules_1_6'>Types de fichiers accept\u00e9s\u00a0: pdf, doc, docx, Taille max. des fichiers\u00a0: 10 MB.<\/span><div class='validation_message validation_message--hidden-on-empty' id='live_validation_message_1_6'><\/div><\/div><\/div><div id=\"field_1_7\"  class=\"gfield gfield_html gfield_html_formatted gfield_no_follows_desc field_sublabel_below field_description_below gfield_visibility_visible\"  data-js-reload=\"field_1_7\"><p style=\"font-size:12px;\">Chez And & Or (propri\u00e9t\u00e9 de And & Or, S.L.U.), nous traiterons les donn\u00e9es que vous nous fournissez afin de vous envoyer des informations relatives \u00e0 votre demande concernant nos produits et services. Vous pouvez exercer les droits d'acc\u00e8s, de rectification, de limitation, d'opposition, de portabilit\u00e9 ou retirer votre consentement en envoyant un e-mail \u00e0 dpd@andyor.com. Vous pouvez \u00e9galement demander la protection des droits aupr\u00e8s de l'Autorit\u00e9 de contr\u00f4le (AEPD). Vous pouvez consulter des informations suppl\u00e9mentaires et d\u00e9taill\u00e9es sur la protection des donn\u00e9es dans notre <a href=\"https:\/\/andyor.com\/fr\/politica-de-privacidad\/\"> politique de confidentialit\u00e9<\/a>.<\/p><\/div><fieldset id=\"field_1_8\"  class=\"gfield gfield_contains_required field_sublabel_below field_description_below hidden_label gfield_visibility_visible\"  data-js-reload=\"field_1_8\"><legend class='gfield_label gfield_label_before_complex'  >Consentement<span class=\"gfield_required\"><span class=\"gfield_required gfield_required_asterisk\">*<\/span><\/span><\/legend><div class='ginput_container ginput_container_consent'><input name='input_8.1' id='input_1_8_1' type='checkbox' value='1'   aria-required=\"true\" aria-invalid=\"false\"   \/> <label class=\"gfield_consent_label\" for='input_1_8_1' >J'accepte le traitement de mes donn\u00e9es afin de recevoir les informations demand\u00e9es<\/label><span class=\"gfield_required gfield_required_asterisk\">*<\/span><input type='hidden' name='input_8.2' value='J&#039;accepte le traitement de mes donn\u00e9es afin de recevoir les informations demand\u00e9es' class='gform_hidden' \/><input type='hidden' name='input_8.3' value='1' class='gform_hidden' \/><\/div><\/fieldset><\/div><\/div>\n        <div class='gform_footer top_label'> <input type='submit' id='gform_submit_button_1' class='gform_button button' value='Envoyer'  onclick='if(window[\"gf_submitting_1\"]){return false;}  if( !jQuery(\"#gform_1\")[0].checkValidity || jQuery(\"#gform_1\")[0].checkValidity()){window[\"gf_submitting_1\"]=true;}  ' onkeypress='if( event.keyCode == 13 ){ if(window[\"gf_submitting_1\"]){return false;} if( !jQuery(\"#gform_1\")[0].checkValidity || jQuery(\"#gform_1\")[0].checkValidity()){window[\"gf_submitting_1\"]=true;}  jQuery(\"#gform_1\").trigger(\"submit\",[true]); }' \/> \n            <input type='hidden' class='gform_hidden' name='is_submit_1' value='1' \/>\n            <input type='hidden' class='gform_hidden' name='gform_submit' value='1' \/>\n            \n            <input type='hidden' class='gform_hidden' name='gform_unique_id' value='' \/>\n            <input type='hidden' class='gform_hidden' name='state_1' value='WyJ7XCI4LjFcIjpcImYyNDU1ZTI4ZjgzYjhiOTljZjM1N2I4Nzc2NWI5YmFlXCIsXCI4LjJcIjpcIjMzMTRkMjA2N2QyNzc2YTEzZTcyODNhMmRkNTU4ZmM5XCIsXCI4LjNcIjpcImYyNDU1ZTI4ZjgzYjhiOTljZjM1N2I4Nzc2NWI5YmFlXCJ9IiwiNGZjNjkzMDBmMDA3MmJmNWRiYTRlMDA0YzRjMjk3MjkiXQ==' \/>\n            <input type='hidden' class='gform_hidden' name='gform_target_page_number_1' id='gform_target_page_number_1' value='0' \/>\n            <input type='hidden' class='gform_hidden' name='gform_source_page_number_1' id='gform_source_page_number_1' value='1' \/>\n            <input type='hidden' name='gform_field_values' value='' \/>\n            \n        <\/div>\n                        <p style=\"display: none !important;\" class=\"akismet-fields-container\" data-prefix=\"ak_\"><label>&#916;<textarea name=\"ak_hp_textarea\" cols=\"45\" rows=\"8\" maxlength=\"100\"><\/textarea><\/label><input type=\"hidden\" id=\"ak_js_1\" name=\"ak_js\" value=\"220\"\/><script>document.getElementById( \"ak_js_1\" ).setAttribute( \"value\", ( new Date() ).getTime() );<\/script><\/p><\/form>\n                        <\/div><div class=\"fusion-clearfix\"><\/div><\/div><\/div><div class=\"fusion-layout-column fusion_builder_column fusion-builder-column-6 fusion_builder_column_1_5 1_5 fusion-one-fifth fusion-column-last fusion-no-small-visibility\" style=\"--awb-bg-size:cover;width:20%;width:calc(20% - ( ( 4% + 4% ) * 0.2 ) );\"><div class=\"fusion-column-wrapper fusion-column-has-shadow fusion-flex-column-wrapper-legacy\"><div class=\"fusion-clearfix\"><\/div><\/div><\/div><\/div><\/div><\/p>\n","protected":false},"excerpt":{"rendered":"","protected":false},"author":1,"featured_media":0,"parent":0,"menu_order":0,"comment_status":"open","ping_status":"open","template":"100-width.php","meta":{"footnotes":""},"class_list":["post-32085","page","type-page","status-publish","hentry"],"yoast_head":"<!-- This site is optimized with the Yoast SEO plugin v27.3 - https:\/\/yoast.com\/product\/yoast-seo-wordpress\/ -->\n<title>Emploi - Andyor<\/title>\n<meta name=\"robots\" content=\"noindex, nofollow\" \/>\n<meta property=\"og:locale\" content=\"fr_FR\" \/>\n<meta property=\"og:type\" content=\"article\" \/>\n<meta property=\"og:title\" content=\"Emploi - Andyor\" \/>\n<meta property=\"og:url\" content=\"https:\/\/andyor.com\/fr\/emploi\/\" \/>\n<meta property=\"og:site_name\" content=\"Andyor\" \/>\n<meta property=\"article:modified_time\" content=\"2022-09-14T09:28:06+00:00\" \/>\n<meta name=\"twitter:card\" content=\"summary_large_image\" \/>\n<meta name=\"twitter:label1\" content=\"Dur\u00e9e de lecture estim\u00e9e\" \/>\n\t<meta name=\"twitter:data1\" content=\"8 minutes\" \/>\n<script type=\"application\/ld+json\" class=\"yoast-schema-graph\">{\"@context\":\"https:\\\/\\\/schema.org\",\"@graph\":[{\"@type\":\"WebPage\",\"@id\":\"https:\\\/\\\/andyor.com\\\/fr\\\/emploi\\\/\",\"url\":\"https:\\\/\\\/andyor.com\\\/fr\\\/emploi\\\/\",\"name\":\"Emploi - Andyor\",\"isPartOf\":{\"@id\":\"https:\\\/\\\/andyor.com\\\/#website\"},\"datePublished\":\"2020-03-31T17:44:09+00:00\",\"dateModified\":\"2022-09-14T09:28:06+00:00\",\"inLanguage\":\"fr-FR\",\"potentialAction\":[{\"@type\":\"ReadAction\",\"target\":[\"https:\\\/\\\/andyor.com\\\/fr\\\/emploi\\\/\"]}]},{\"@type\":\"WebSite\",\"@id\":\"https:\\\/\\\/andyor.com\\\/#website\",\"url\":\"https:\\\/\\\/andyor.com\\\/\",\"name\":\"Andyor\",\"description\":\"Solutions for Blow molding, Bottling and Packaging industries\",\"potentialAction\":[{\"@type\":\"SearchAction\",\"target\":{\"@type\":\"EntryPoint\",\"urlTemplate\":\"https:\\\/\\\/andyor.com\\\/?s={search_term_string}\"},\"query-input\":{\"@type\":\"PropertyValueSpecification\",\"valueRequired\":true,\"valueName\":\"search_term_string\"}}],\"inLanguage\":\"fr-FR\"}]}<\/script>\n<!-- \/ Yoast SEO plugin. -->","yoast_head_json":{"title":"Emploi - Andyor","robots":{"index":"noindex","follow":"nofollow"},"og_locale":"fr_FR","og_type":"article","og_title":"Emploi - Andyor","og_url":"https:\/\/andyor.com\/fr\/emploi\/","og_site_name":"Andyor","article_modified_time":"2022-09-14T09:28:06+00:00","twitter_card":"summary_large_image","twitter_misc":{"Dur\u00e9e de lecture estim\u00e9e":"8 minutes"},"schema":{"@context":"https:\/\/schema.org","@graph":[{"@type":"WebPage","@id":"https:\/\/andyor.com\/fr\/emploi\/","url":"https:\/\/andyor.com\/fr\/emploi\/","name":"Emploi - Andyor","isPartOf":{"@id":"https:\/\/andyor.com\/#website"},"datePublished":"2020-03-31T17:44:09+00:00","dateModified":"2022-09-14T09:28:06+00:00","inLanguage":"fr-FR","potentialAction":[{"@type":"ReadAction","target":["https:\/\/andyor.com\/fr\/emploi\/"]}]},{"@type":"WebSite","@id":"https:\/\/andyor.com\/#website","url":"https:\/\/andyor.com\/","name":"Andyor","description":"Solutions for Blow molding, Bottling and Packaging industries","potentialAction":[{"@type":"SearchAction","target":{"@type":"EntryPoint","urlTemplate":"https:\/\/andyor.com\/?s={search_term_string}"},"query-input":{"@type":"PropertyValueSpecification","valueRequired":true,"valueName":"search_term_string"}}],"inLanguage":"fr-FR"}]}},"_links":{"self":[{"href":"https:\/\/andyor.com\/fr\/wp-json\/wp\/v2\/pages\/32085","targetHints":{"allow":["GET"]}}],"collection":[{"href":"https:\/\/andyor.com\/fr\/wp-json\/wp\/v2\/pages"}],"about":[{"href":"https:\/\/andyor.com\/fr\/wp-json\/wp\/v2\/types\/page"}],"author":[{"embeddable":true,"href":"https:\/\/andyor.com\/fr\/wp-json\/wp\/v2\/users\/1"}],"replies":[{"embeddable":true,"href":"https:\/\/andyor.com\/fr\/wp-json\/wp\/v2\/comments?post=32085"}],"version-history":[{"count":2,"href":"https:\/\/andyor.com\/fr\/wp-json\/wp\/v2\/pages\/32085\/revisions"}],"predecessor-version":[{"id":35263,"href":"https:\/\/andyor.com\/fr\/wp-json\/wp\/v2\/pages\/32085\/revisions\/35263"}],"wp:attachment":[{"href":"https:\/\/andyor.com\/fr\/wp-json\/wp\/v2\/media?parent=32085"}],"curies":[{"name":"wp","href":"https:\/\/api.w.org\/{rel}","templated":true}]}}