{"id":32718,"date":"2020-03-31T19:44:09","date_gmt":"2020-03-31T17:44:09","guid":{"rendered":"https:\/\/andyor.com\/terms-of-use\/"},"modified":"2021-10-29T10:30:34","modified_gmt":"2021-10-29T08:30:34","slug":"terms-of-use","status":"publish","type":"page","link":"https:\/\/andyor.com\/fr\/terms-of-use\/","title":{"rendered":"Conditions d&#8217;utilisation"},"content":{"rendered":"<div class=\"fusion-fullwidth fullwidth-box fusion-builder-row-1 nonhundred-percent-fullwidth non-hundred-percent-height-scrolling\" style=\"--awb-border-radius-top-left:0px;--awb-border-radius-top-right:0px;--awb-border-radius-bottom-right:0px;--awb-border-radius-bottom-left:0px;--awb-flex-wrap:wrap;\" ><div class=\"fusion-builder-row fusion-row\"><div class=\"fusion-layout-column fusion_builder_column fusion-builder-column-0 fusion_builder_column_1_1 1_1 fusion-one-full fusion-column-first fusion-column-last\" style=\"--awb-bg-size:cover;\"><div class=\"fusion-column-wrapper fusion-flex-column-wrapper-legacy\"><div class=\"fusion-text fusion-text-1\" style=\"--awb-text-transform:none;\"><p>Toute personne acc\u00e9dant \u00e0 ce site Web assume le r\u00f4le d&#8217;utilisateur, s&#8217;engageant \u00e0 respecter et \u00e0 se conformer strictement aux conditions \u00e9nonc\u00e9es dans le pr\u00e9sent document, ainsi qu&#8217;\u00e0 toute autre disposition l\u00e9gale pouvant \u00eatre applicable. &#8220;And &amp; Or&#8221; ne peut \u00eatre tenue responsable des dommages, tant pour elle-m\u00eame que pour des tiers, caus\u00e9s par la mauvaise utilisation de ce site par l&#8217;Utilisateur.<\/p>\n<p>Les comportements suivants sont strictement interdits par &#8220;And &amp; Or&#8221;. Si vous commettez l&#8217;un des actes d\u00e9crits ci-apr\u00e8s qui constitue \u00e9galement une infraction criminelle, &#8220;And &amp; Or&#8221; se r\u00e9serve le droit de vous d\u00e9noncer aux autorit\u00e9s charg\u00e9es de l&#8217;application de la loi s&#8217;il s&#8217;av\u00e8re que vous avez commis une telle infraction:<\/p>\n<ul>\n<li>Introduire ou diffuser des virus informatiques ou tout autre syst\u00e8me susceptible de causer des dommages aux syst\u00e8mes physiques ou logiques du propri\u00e9taire du domaine, de ses fournisseurs ou de tiers. Cette interdiction s&#8217;applique \u00e9galement aux scripts qui ont pu \u00eatre ins\u00e9r\u00e9s.<\/li>\n<li>Reproduction non autoris\u00e9e du contenu du site web.<\/li>\n<li>Acc\u00e9der (ou tenter d&#8217;acc\u00e9der) \u00e0 des zones restreintes de la plate-forme sans respecter les conditions requises pour cet acc\u00e8s. Ainsi que de r\u00e9v\u00e9ler des donn\u00e9es sur le fonctionnement du site web sans l&#8217;autorisation expresse des administrateurs de ce dernier.<\/li>\n<li>Contourner (ou tenter de contourner) les syst\u00e8mes de paiement \u00e9tablis par &#8220;And &amp; Or&#8221;.<\/li>\n<\/ul>\n<p>Le contenu de ce site web ne peut en aucun cas \u00eatre consid\u00e9r\u00e9 comme un substitut \u00e0 un avis juridique.<\/p>\n<p>&#8220;And &amp; Or&#8221; se r\u00e9serve le droit de modifier tout type d&#8217;information pouvant appara\u00eetre sur le site, \u00e0 tout moment et sans pr\u00e9avis, sans qu&#8217;il y ait d&#8217;obligation de pr\u00e9avis ou d&#8217;information des Utilisateurs, la publication sur ce site \u00e9tant entendue comme suffisante.<\/p>\n<p>Ce site Web a \u00e9t\u00e9 examin\u00e9 et test\u00e9 pour garantir un fonctionnement ininterrompu. Toutefois, &#8220;And &amp; Or&#8221; n&#8217;exclut pas la possibilit\u00e9 de certaines erreurs de programmation, d&#8217;une indisponibilit\u00e9 occasionnelle (ex.: arr\u00eat du serveur, maintenance du serveur) ou d&#8217;un cas de force majeure, d&#8217;une catastrophe naturelle, d&#8217;une gr\u00e8ve ou de circonstances similaires pouvant rendre impossible l&#8217;acc\u00e8s temporaire au site.<\/p>\n<p>L&#8217;utilisateur s&#8217;engage \u00e0 ne pas utiliser ce site web ou, le cas \u00e9ch\u00e9ant, les services ou produits qui y sont propos\u00e9s, pour mener des activit\u00e9s contraires \u00e0 la loi, \u00e0 l&#8217;ordre public ou aux pr\u00e9sentes conditions d&#8217;utilisation. Par cons\u00e9quent, &#8220;And &amp; Or&#8221; n&#8217;est pas responsable des informations et des contenus stock\u00e9s, \u00e0 titre d&#8217;exemple, mais sans s&#8217;y limiter, dans les forums, les chats, les g\u00e9n\u00e9rateurs web, les commentaires, les r\u00e9seaux sociaux ou tout autre moyen permettant \u00e0 des tiers de publier du contenu. Toutefois, et conform\u00e9ment aux dispositions des art. 11 et 16 de la LSSI-CE, &#8220;And &amp; Or&#8221; est \u00e0 la disposition de tous les Utilisateurs, des autorit\u00e9s et des forces de s\u00e9curit\u00e9, collaborant activement \u00e0 la suppression ou au blocage de tout contenu susceptible d&#8217;affecter ou de contrevenir au droit national ou international, aux droits des tiers ou aux bonnes m\u0153urs et \u00e0 l&#8217;ordre public. Dans le cas o\u00f9 un utilisateur consid\u00e8re qu&#8217;il y a un contenu sur le site web qui pourrait \u00eatre susceptible d&#8217;\u00eatre class\u00e9 comme tel, il doit en informer imm\u00e9diatement notre personnel.<\/p>\n<p>&#8220;And &amp; Or&#8221; se r\u00e9serve le droit de refuser ou de retirer l&#8217;acc\u00e8s au site sans avertissement pr\u00e9alable, \u00e0 sa propre demande ou \u00e0 la demande d&#8217;un tiers, aux utilisateurs qui violent nos conditions d&#8217;utilisation.<\/p>\n<\/div><div class=\"fusion-clearfix\"><\/div><\/div><\/div><\/div><\/div>\n","protected":false},"excerpt":{"rendered":"","protected":false},"author":1,"featured_media":0,"parent":0,"menu_order":0,"comment_status":"open","ping_status":"open","template":"","meta":{"footnotes":""},"class_list":["post-32718","page","type-page","status-publish","hentry"],"yoast_head":"<!-- This site is optimized with the Yoast SEO plugin v27.3 - https:\/\/yoast.com\/product\/yoast-seo-wordpress\/ -->\n<title>Conditions d&#039;utilisation - Andyor<\/title>\n<meta name=\"robots\" content=\"noindex, nofollow\" \/>\n<meta property=\"og:locale\" content=\"fr_FR\" \/>\n<meta property=\"og:type\" content=\"article\" \/>\n<meta property=\"og:title\" content=\"Conditions d&#039;utilisation - Andyor\" \/>\n<meta property=\"og:url\" content=\"https:\/\/andyor.com\/fr\/terms-of-use\/\" \/>\n<meta property=\"og:site_name\" content=\"Andyor\" \/>\n<meta property=\"article:modified_time\" content=\"2021-10-29T08:30:34+00:00\" \/>\n<meta name=\"twitter:card\" content=\"summary_large_image\" \/>\n<meta name=\"twitter:label1\" content=\"Dur\u00e9e de lecture estim\u00e9e\" \/>\n\t<meta name=\"twitter:data1\" content=\"4 minutes\" \/>\n<script type=\"application\/ld+json\" class=\"yoast-schema-graph\">{\"@context\":\"https:\\\/\\\/schema.org\",\"@graph\":[{\"@type\":\"WebPage\",\"@id\":\"https:\\\/\\\/andyor.com\\\/fr\\\/terms-of-use\\\/\",\"url\":\"https:\\\/\\\/andyor.com\\\/fr\\\/terms-of-use\\\/\",\"name\":\"Conditions d'utilisation - Andyor\",\"isPartOf\":{\"@id\":\"https:\\\/\\\/andyor.com\\\/#website\"},\"datePublished\":\"2020-03-31T17:44:09+00:00\",\"dateModified\":\"2021-10-29T08:30:34+00:00\",\"inLanguage\":\"fr-FR\",\"potentialAction\":[{\"@type\":\"ReadAction\",\"target\":[\"https:\\\/\\\/andyor.com\\\/fr\\\/terms-of-use\\\/\"]}]},{\"@type\":\"WebSite\",\"@id\":\"https:\\\/\\\/andyor.com\\\/#website\",\"url\":\"https:\\\/\\\/andyor.com\\\/\",\"name\":\"Andyor\",\"description\":\"Solutions for Blow molding, Bottling and Packaging industries\",\"potentialAction\":[{\"@type\":\"SearchAction\",\"target\":{\"@type\":\"EntryPoint\",\"urlTemplate\":\"https:\\\/\\\/andyor.com\\\/?s={search_term_string}\"},\"query-input\":{\"@type\":\"PropertyValueSpecification\",\"valueRequired\":true,\"valueName\":\"search_term_string\"}}],\"inLanguage\":\"fr-FR\"}]}<\/script>\n<!-- \/ Yoast SEO plugin. -->","yoast_head_json":{"title":"Conditions d'utilisation - Andyor","robots":{"index":"noindex","follow":"nofollow"},"og_locale":"fr_FR","og_type":"article","og_title":"Conditions d'utilisation - Andyor","og_url":"https:\/\/andyor.com\/fr\/terms-of-use\/","og_site_name":"Andyor","article_modified_time":"2021-10-29T08:30:34+00:00","twitter_card":"summary_large_image","twitter_misc":{"Dur\u00e9e de lecture estim\u00e9e":"4 minutes"},"schema":{"@context":"https:\/\/schema.org","@graph":[{"@type":"WebPage","@id":"https:\/\/andyor.com\/fr\/terms-of-use\/","url":"https:\/\/andyor.com\/fr\/terms-of-use\/","name":"Conditions d'utilisation - Andyor","isPartOf":{"@id":"https:\/\/andyor.com\/#website"},"datePublished":"2020-03-31T17:44:09+00:00","dateModified":"2021-10-29T08:30:34+00:00","inLanguage":"fr-FR","potentialAction":[{"@type":"ReadAction","target":["https:\/\/andyor.com\/fr\/terms-of-use\/"]}]},{"@type":"WebSite","@id":"https:\/\/andyor.com\/#website","url":"https:\/\/andyor.com\/","name":"Andyor","description":"Solutions for Blow molding, Bottling and Packaging industries","potentialAction":[{"@type":"SearchAction","target":{"@type":"EntryPoint","urlTemplate":"https:\/\/andyor.com\/?s={search_term_string}"},"query-input":{"@type":"PropertyValueSpecification","valueRequired":true,"valueName":"search_term_string"}}],"inLanguage":"fr-FR"}]}},"_links":{"self":[{"href":"https:\/\/andyor.com\/fr\/wp-json\/wp\/v2\/pages\/32718","targetHints":{"allow":["GET"]}}],"collection":[{"href":"https:\/\/andyor.com\/fr\/wp-json\/wp\/v2\/pages"}],"about":[{"href":"https:\/\/andyor.com\/fr\/wp-json\/wp\/v2\/types\/page"}],"author":[{"embeddable":true,"href":"https:\/\/andyor.com\/fr\/wp-json\/wp\/v2\/users\/1"}],"replies":[{"embeddable":true,"href":"https:\/\/andyor.com\/fr\/wp-json\/wp\/v2\/comments?post=32718"}],"version-history":[{"count":2,"href":"https:\/\/andyor.com\/fr\/wp-json\/wp\/v2\/pages\/32718\/revisions"}],"predecessor-version":[{"id":34312,"href":"https:\/\/andyor.com\/fr\/wp-json\/wp\/v2\/pages\/32718\/revisions\/34312"}],"wp:attachment":[{"href":"https:\/\/andyor.com\/fr\/wp-json\/wp\/v2\/media?parent=32718"}],"curies":[{"name":"wp","href":"https:\/\/api.w.org\/{rel}","templated":true}]}}