{"id":32727,"date":"2020-03-31T19:44:09","date_gmt":"2020-03-31T17:44:09","guid":{"rendered":"https:\/\/andyor.com\/politica-de-cookies\/"},"modified":"2021-10-29T09:48:07","modified_gmt":"2021-10-29T07:48:07","slug":"politica-de-cookies","status":"publish","type":"page","link":"https:\/\/andyor.com\/fr\/politica-de-cookies\/","title":{"rendered":"Politique en mati\u00e8re de cookies"},"content":{"rendered":"<div class=\"fusion-fullwidth fullwidth-box fusion-builder-row-1 nonhundred-percent-fullwidth non-hundred-percent-height-scrolling\" style=\"--awb-border-radius-top-left:0px;--awb-border-radius-top-right:0px;--awb-border-radius-bottom-right:0px;--awb-border-radius-bottom-left:0px;--awb-flex-wrap:wrap;\" ><div class=\"fusion-builder-row fusion-row\"><div class=\"fusion-layout-column fusion_builder_column fusion-builder-column-0 fusion_builder_column_1_1 1_1 fusion-one-full fusion-column-first fusion-column-last\" style=\"--awb-bg-size:cover;\"><div class=\"fusion-column-wrapper fusion-flex-column-wrapper-legacy\"><div class=\"fusion-text fusion-text-1\" style=\"--awb-text-transform:none;\"><p><strong>Introduction<\/strong><\/p>\n<p>Conform\u00e9ment \u00e0 la loi 34\/2002, du 11 juillet, sur les services de la soci\u00e9t\u00e9 de l&#8217;information et le commerce \u00e9lectronique, nous informons l&#8217;utilisateur de l&#8217;utilisation de cookies sur le site web &#8220;And &amp; Or&#8221;.<\/p>\n<p>Les cookies permettent, entre autres, de collecter des informations statistiques, de faciliter certaines fonctionnalit\u00e9s techniques, de stocker et de r\u00e9cup\u00e9rer des informations sur les habitudes ou les pr\u00e9f\u00e9rences de navigation d&#8217;un Utilisateur ou de son \u00e9quipement et, en fonction des informations qu&#8217;ils contiennent et de la mani\u00e8re dont ils utilisent leur \u00e9quipement, peuvent \u00eatre utilis\u00e9s pour reconna\u00eetre l&#8217;Utilisateur, se souvenir d&#8217;aspects de l&#8217;Utilisateur tels que sa langue, son pays, son navigateur, etc. Si l&#8217;utilisateur ne souhaite pas recevoir de cookies, il peut configurer son navigateur pour les supprimer du disque dur de son ordinateur, les bloquer ou l&#8217;avertir lorsqu&#8217;ils sont install\u00e9s.<\/p>\n<p>Notre site web utilise des cookies et d&#8217;autres technologies connexes (par commodit\u00e9, toutes les technologies sont d\u00e9sign\u00e9es par le terme &#8220;cookies&#8221;). Des cookies sont \u00e9galement plac\u00e9s par des tiers avec lesquels nous avons pass\u00e9 des contrats. Dans le document suivant, nous vous informons de l&#8217;utilisation des cookies sur notre site web.<\/p>\n<p>Que sont les cookies, les scripts ou les pixels invisibles ?<\/p>\n<p>Un cookie est un petit fichier simple qui est envoy\u00e9 avec les pages de ce site web et stock\u00e9 par le navigateur de l&#8217;utilisateur sur le disque dur de son ordinateur ou d&#8217;un autre appareil (smartphone, tablette, TV connect\u00e9e&#8230;). Les informations stock\u00e9es peuvent \u00eatre renvoy\u00e9es sur nos serveurs ou sur les serveurs des tiers concern\u00e9s lors d&#8217;une visite ult\u00e9rieure.<\/p>\n<p>Un script est un morceau de code de programme qui est utilis\u00e9 pour faire fonctionner notre site web correctement et de mani\u00e8re interactive. Ce code est ex\u00e9cut\u00e9 sur notre serveur ou sur l&#8217;appareil de l&#8217;utilisateur.<\/p>\n<p>Une balise web (ou pixel tag) est un petit \u00e9l\u00e9ment invisible de texte ou d&#8217;image sur un site web qui est utilis\u00e9 pour suivre le trafic sur un site web. b.<\/p>\n<p><strong>Cookies<\/strong><\/p>\n<p><strong><em>Cookies techniques ou fonctionnels<\/em><\/strong><\/p>\n<p>Certains cookies garantissent le bon fonctionnement de certaines parties du site web et la m\u00e9morisation des pr\u00e9f\u00e9rences des utilisateurs. En pla\u00e7ant des cookies fonctionnels, nous vous facilitons la visite et l&#8217;utilisation de notre site web. De cette mani\u00e8re, il n&#8217;est pas n\u00e9cessaire de saisir \u00e0 plusieurs reprises les m\u00eames informations lors de la visite de notre site web et, par exemple, les articles restent dans le panier jusqu&#8217;\u00e0 ce que l&#8217;utilisateur finalise son achat. La r\u00e9glementation nous autorise \u00e0 placer ces cookies sans votre consentement.<\/p>\n<p><strong><em>Cookies analytiques<\/em><\/strong><\/p>\n<p>Nous utilisons des cookies d&#8217;analyse pour optimiser l&#8217;exp\u00e9rience du site web pour nos utilisateurs. Ces cookies analytiques nous permettent de conna\u00eetre l&#8217;utilisation de notre site web. Le consentement de l&#8217;utilisateur est n\u00e9cessaire pour ins\u00e9rer des cookies analytiques.<\/p>\n<p><strong><em>Cookies publicitaires ou de marketing<\/em><\/strong><\/p>\n<p>Nous utilisons des cookies publicitaires sur ce site web, ce qui nous permet de personnaliser les annonces pour chaque utilisateur, et nous (et des tiers) obtenons des informations sur les r\u00e9sultats de la campagne. Cela se fait sur la base d&#8217;un profil que nous cr\u00e9ons \u00e0 partir des clics des utilisateurs et de leur navigation dans et hors de &#8220;https:\/\/www.andyor.com\/&#8221;. Gr\u00e2ce \u00e0 ces cookies, l&#8217;utilisateur, en tant que visiteur du site web, est li\u00e9 \u00e0 un identifiant unique. Le consentement de l&#8217;utilisateur est n\u00e9cessaire pour ins\u00e9rer ces cookies.<\/p>\n<p><strong><em>Boutons de m\u00e9dias sociaux<\/em><\/strong><\/p>\n<p>Sur notre site web, nous avons inclus des boutons permettant de promouvoir des pages (par exemple, &#8220;like&#8221;, &#8220;pin&#8221;) ou de les partager (par exemple, &#8220;tweet&#8221;) sur des r\u00e9seaux sociaux tels que Facebook. Ces boutons fonctionnent \u00e0 l&#8217;aide du code de ces r\u00e9seaux sociaux ; ce code int\u00e8gre des cookies. Ces boutons de m\u00e9dias sociaux peuvent stocker et traiter certaines informations, de sorte qu&#8217;une publicit\u00e9 personnalis\u00e9e puisse \u00eatre affich\u00e9e.<\/p>\n<p>Veuillez lire la politique de confidentialit\u00e9 de ces r\u00e9seaux sociaux (qui peut changer fr\u00e9quemment) pour savoir ce qu&#8217;ils font de vos donn\u00e9es (personnelles) qu&#8217;ils traitent en utilisant ces cookies.<\/p>\n<p>Les cookies suivants sont utilis\u00e9s sur ce site web<\/p>\n<table width=\"662\">\n<tbody>\n<tr>\n<td width=\"136\"><strong>Nom du cookie<\/strong><\/td>\n<td width=\"336\"><strong>Description\/objectif<\/strong><\/td>\n<td width=\"97\"><strong>Type<\/strong><\/td>\n<td width=\"92\"><strong>Date d&#8217;expiration<\/strong><\/td>\n<\/tr>\n<tr>\n<td width=\"136\">moove_gdpr_popup<\/td>\n<td width=\"336\">Cookie utilis\u00e9 pour se souvenir de l&#8217;acceptation par l&#8217;utilisateur de la politique en mati\u00e8re de cookies.<\/td>\n<td width=\"97\">Technique<\/td>\n<td width=\"92\">Persistant<\/td>\n<\/tr>\n<tr>\n<td width=\"136\">_ga<\/p>\n<p>_ga_ZKNR8M86B0<\/p>\n<p>_gat<\/p>\n<p>_gid<\/td>\n<td width=\"336\">Les cookies de Google Analytics. Rapports statistiques sur la mani\u00e8re dont les utilisateurs trouvent le site web et l&#8217;utilisent : pages visit\u00e9es, dur\u00e9e du s\u00e9jour, type de navigateur, etc.<\/p>\n<p>_ga et _gid: Utilis\u00e9s pour distinguer les utilisateurs.<\/p>\n<p>_ga_ZKNR8M86B0: Utilis\u00e9s pour maintenir l&#8217;\u00e9tat de la session<\/p>\n<p>_gat: Utilis\u00e9 pour limiter le pourcentage de requ\u00eates<\/p>\n<p><a href=\"http:\/\/www.google.com\/intl\/es\/policies\/\">\u00a0Plus d&#8217;informations<\/a><\/td>\n<td width=\"97\">Analytique, tierce partie<\/td>\n<td width=\"92\">2 ans<\/p>\n<p>2 ans<\/p>\n<p>1 minute<\/p>\n<p>24 heures<\/td>\n<\/tr>\n<\/tbody>\n<\/table>\n<p><strong>Cookies install\u00e9s par des tiers<\/strong><\/p>\n<p>Le Site peut utiliser des cookies install\u00e9s par des tiers pour r\u00e9aliser des analyses statistiques de la navigation des utilisateurs, ou pour afficher des contenus publicitaires personnalis\u00e9s. Par exemple, les cookies de YouTube, DoubleClick ou de Google. Veuillez noter que si vous acceptez les cookies de tiers, vous devez les supprimer dans les options de votre navigateur ou dans le syst\u00e8me propos\u00e9 par le tiers lui-m\u00eame.<\/p>\n<p><strong>Consentement et param\u00e8tres des cookies<\/strong><\/p>\n<p>Lorsque vous visitez notre site web pour la premi\u00e8re fois, nous vous montrons une fen\u00eatre pop-up avec une explication sur les cookies (&#8220;premi\u00e8re couche&#8221;). D\u00e8s que vous cliquez sur le bouton d&#8217;acceptation, vous acceptez que nous utilisions les cat\u00e9gories de cookies et de plugins que vous avez s\u00e9lectionn\u00e9es dans la fen\u00eatre contextuelle, comme d\u00e9crit dans la pr\u00e9sente politique en mati\u00e8re de cookies. Vous pouvez d\u00e9sactiver l&#8217;utilisation de cookies par le biais de votre navigateur, mais veuillez noter que notre site web peut cesser de fonctionner correctement si vous le faites.<\/p>\n<p>Vos droits en mati\u00e8re de donn\u00e9es personnelles<\/p>\n<p>Consultez notre politique de confidentialit\u00e9 pour conna\u00eetre vos droits en mati\u00e8re de traitement des donn\u00e9es personnelles et savoir comment les exercer.<\/p>\n<p>Activation, d\u00e9sactivation et suppression des cookies<\/p>\n<p>Vous pouvez utiliser votre navigateur Internet pour supprimer les cookies automatiquement ou manuellement. Vous pouvez \u00e9galement sp\u00e9cifier que certains cookies ne peuvent pas \u00eatre plac\u00e9s. Vous pouvez \u00e9galement modifier les param\u00e8tres de votre navigateur Internet afin de recevoir un message chaque fois qu&#8217;un cookie est plac\u00e9. Pour plus d&#8217;informations sur ces options, veuillez vous reporter aux instructions de la section &#8220;Aide&#8221; de votre navigateur.<\/p>\n<p>Veuillez noter que notre site web peut ne pas fonctionner correctement si tous les cookies sont d\u00e9sactiv\u00e9s. Si vous supprimez les cookies de votre navigateur, ils seront \u00e0 nouveau plac\u00e9s apr\u00e8s votre consentement lorsque vous revisiterez nos sites web.<\/p>\n<\/div><div class=\"fusion-clearfix\"><\/div><\/div><\/div><\/div><\/div>\n","protected":false},"excerpt":{"rendered":"","protected":false},"author":1,"featured_media":0,"parent":0,"menu_order":0,"comment_status":"open","ping_status":"open","template":"","meta":{"footnotes":""},"class_list":["post-32727","page","type-page","status-publish","hentry"],"yoast_head":"<!-- This site is optimized with the Yoast SEO plugin v27.3 - https:\/\/yoast.com\/product\/yoast-seo-wordpress\/ -->\n<title>Politique en mati\u00e8re de cookies - Andyor<\/title>\n<meta name=\"robots\" content=\"noindex, nofollow\" \/>\n<meta property=\"og:locale\" content=\"fr_FR\" \/>\n<meta property=\"og:type\" content=\"article\" \/>\n<meta property=\"og:title\" content=\"Politique en mati\u00e8re de cookies - Andyor\" \/>\n<meta property=\"og:url\" content=\"https:\/\/andyor.com\/fr\/politica-de-cookies\/\" \/>\n<meta property=\"og:site_name\" content=\"Andyor\" \/>\n<meta property=\"article:modified_time\" content=\"2021-10-29T07:48:07+00:00\" \/>\n<meta name=\"twitter:card\" content=\"summary_large_image\" \/>\n<meta name=\"twitter:label1\" content=\"Dur\u00e9e de lecture estim\u00e9e\" \/>\n\t<meta name=\"twitter:data1\" content=\"7 minutes\" \/>\n<script type=\"application\/ld+json\" class=\"yoast-schema-graph\">{\"@context\":\"https:\\\/\\\/schema.org\",\"@graph\":[{\"@type\":\"WebPage\",\"@id\":\"https:\\\/\\\/andyor.com\\\/fr\\\/politica-de-cookies\\\/\",\"url\":\"https:\\\/\\\/andyor.com\\\/fr\\\/politica-de-cookies\\\/\",\"name\":\"Politique en mati\u00e8re de cookies - Andyor\",\"isPartOf\":{\"@id\":\"https:\\\/\\\/andyor.com\\\/#website\"},\"datePublished\":\"2020-03-31T17:44:09+00:00\",\"dateModified\":\"2021-10-29T07:48:07+00:00\",\"inLanguage\":\"fr-FR\",\"potentialAction\":[{\"@type\":\"ReadAction\",\"target\":[\"https:\\\/\\\/andyor.com\\\/fr\\\/politica-de-cookies\\\/\"]}]},{\"@type\":\"WebSite\",\"@id\":\"https:\\\/\\\/andyor.com\\\/#website\",\"url\":\"https:\\\/\\\/andyor.com\\\/\",\"name\":\"Andyor\",\"description\":\"Solutions for Blow molding, Bottling and Packaging industries\",\"potentialAction\":[{\"@type\":\"SearchAction\",\"target\":{\"@type\":\"EntryPoint\",\"urlTemplate\":\"https:\\\/\\\/andyor.com\\\/?s={search_term_string}\"},\"query-input\":{\"@type\":\"PropertyValueSpecification\",\"valueRequired\":true,\"valueName\":\"search_term_string\"}}],\"inLanguage\":\"fr-FR\"}]}<\/script>\n<!-- \/ Yoast SEO plugin. -->","yoast_head_json":{"title":"Politique en mati\u00e8re de cookies - Andyor","robots":{"index":"noindex","follow":"nofollow"},"og_locale":"fr_FR","og_type":"article","og_title":"Politique en mati\u00e8re de cookies - Andyor","og_url":"https:\/\/andyor.com\/fr\/politica-de-cookies\/","og_site_name":"Andyor","article_modified_time":"2021-10-29T07:48:07+00:00","twitter_card":"summary_large_image","twitter_misc":{"Dur\u00e9e de lecture estim\u00e9e":"7 minutes"},"schema":{"@context":"https:\/\/schema.org","@graph":[{"@type":"WebPage","@id":"https:\/\/andyor.com\/fr\/politica-de-cookies\/","url":"https:\/\/andyor.com\/fr\/politica-de-cookies\/","name":"Politique en mati\u00e8re de cookies - Andyor","isPartOf":{"@id":"https:\/\/andyor.com\/#website"},"datePublished":"2020-03-31T17:44:09+00:00","dateModified":"2021-10-29T07:48:07+00:00","inLanguage":"fr-FR","potentialAction":[{"@type":"ReadAction","target":["https:\/\/andyor.com\/fr\/politica-de-cookies\/"]}]},{"@type":"WebSite","@id":"https:\/\/andyor.com\/#website","url":"https:\/\/andyor.com\/","name":"Andyor","description":"Solutions for Blow molding, Bottling and Packaging industries","potentialAction":[{"@type":"SearchAction","target":{"@type":"EntryPoint","urlTemplate":"https:\/\/andyor.com\/?s={search_term_string}"},"query-input":{"@type":"PropertyValueSpecification","valueRequired":true,"valueName":"search_term_string"}}],"inLanguage":"fr-FR"}]}},"_links":{"self":[{"href":"https:\/\/andyor.com\/fr\/wp-json\/wp\/v2\/pages\/32727","targetHints":{"allow":["GET"]}}],"collection":[{"href":"https:\/\/andyor.com\/fr\/wp-json\/wp\/v2\/pages"}],"about":[{"href":"https:\/\/andyor.com\/fr\/wp-json\/wp\/v2\/types\/page"}],"author":[{"embeddable":true,"href":"https:\/\/andyor.com\/fr\/wp-json\/wp\/v2\/users\/1"}],"replies":[{"embeddable":true,"href":"https:\/\/andyor.com\/fr\/wp-json\/wp\/v2\/comments?post=32727"}],"version-history":[{"count":2,"href":"https:\/\/andyor.com\/fr\/wp-json\/wp\/v2\/pages\/32727\/revisions"}],"predecessor-version":[{"id":34307,"href":"https:\/\/andyor.com\/fr\/wp-json\/wp\/v2\/pages\/32727\/revisions\/34307"}],"wp:attachment":[{"href":"https:\/\/andyor.com\/fr\/wp-json\/wp\/v2\/media?parent=32727"}],"curies":[{"name":"wp","href":"https:\/\/api.w.org\/{rel}","templated":true}]}}