{"id":34082,"date":"2020-03-31T19:44:09","date_gmt":"2020-03-31T17:44:09","guid":{"rendered":"https:\/\/andyor.com\/aviso-legal\/"},"modified":"2021-10-29T10:25:55","modified_gmt":"2021-10-29T08:25:55","slug":"aviso-legal","status":"publish","type":"page","link":"https:\/\/andyor.com\/fr\/aviso-legal\/","title":{"rendered":"Mentions l\u00e9gales"},"content":{"rendered":"<div class=\"fusion-fullwidth fullwidth-box fusion-builder-row-1 nonhundred-percent-fullwidth non-hundred-percent-height-scrolling\" style=\"--awb-border-radius-top-left:0px;--awb-border-radius-top-right:0px;--awb-border-radius-bottom-right:0px;--awb-border-radius-bottom-left:0px;--awb-flex-wrap:wrap;\" ><div class=\"fusion-builder-row fusion-row\"><div class=\"fusion-layout-column fusion_builder_column fusion-builder-column-0 fusion_builder_column_1_1 1_1 fusion-one-full fusion-column-first fusion-column-last\" style=\"--awb-bg-size:cover;\"><div class=\"fusion-column-wrapper fusion-flex-column-wrapper-legacy\"><div class=\"fusion-text fusion-text-1\" style=\"--awb-text-transform:none;\"><p>Conform\u00e9ment \u00e0 l&#8217;article 10 de la loi 34\/2002, du 11 juillet, sur les services de la soci\u00e9t\u00e9 de l&#8217;information et le commerce \u00e9lectronique (LSSICE), And&amp;Or, S.L.U. (ci-apr\u00e8s, &#8220;And &amp; Or&#8221;), responsable de ce site web, met \u00e0 la disposition des Utilisateurs les pr\u00e9sentes informations pour d\u00e9finir ses conditions d&#8217;utilisation.<\/p>\n<p>Outre les contenus expos\u00e9s ici, les aspects sp\u00e9cifiques li\u00e9s \u00e0 la protection des donn\u00e9es personnelles et de la vie priv\u00e9e des utilisateurs de ce site web sont d\u00e9velopp\u00e9s dans les pages Politique de confidentialit\u00e9 et Politique des cookies.<\/p>\n<p><strong>Identit\u00e9 du contr\u00f4leur des donn\u00e9es<\/strong><\/p>\n<ul>\n<li><strong>Nom de la soci\u00e9t\u00e9<\/strong>: And&amp;Or, S.L.U.<\/li>\n<li><strong>Nom commercial<\/strong>: And &amp; Or<\/li>\n<li><strong>CIF \/ NIF \/ NIE<\/strong>: B90300542<\/li>\n<li><strong>Enregistr\u00e9 dans le registre du commerce de S\u00e9ville (Espagne): <\/strong>Protocole 3371, Folio 13, Volume 6281, Feuille SE-111612, inscription 1<\/li>\n<li><strong>Si\u00e8ge social<\/strong>: Avenida de Europa, 6 &#8211; Parque Empresarial El Lim\u00f3n \u2013 41928, Palomares del R\u00edo, S\u00e9ville (Espagne)<\/li>\n<li><strong>Activit\u00e9: <\/strong>Fabrication de machines<\/li>\n<li><strong>T\u00e9l\u00e9phone<\/strong>: +34 95 477 92 00<\/li>\n<li><strong>eMail<\/strong>: <a href=\"mailto:dpd@andyor.com\">dpd@andyor.com<\/a><\/li>\n<li><strong>Nom de domaine<\/strong>: <a href=\"https:\/\/www.andyor.com\/\">https:\/\/www.andyor.com\/<\/a><\/li>\n<li><strong>Enregistrement du traitement conform\u00e9ment au GDPR: <\/strong>Clients\/Fournisseurs, Listes de Diffusion, Employ\u00e9s, Recrutement, Vid\u00e9osurveillance et Utilisateurs Web.<\/li>\n<li><strong>Donn\u00e9es DPD: <\/strong>ExpertosLOPD, S.L., B70585450, C\/ Juan Fl\u00f3rez, 146 &#8211; 15005, A Coruna (Espagne). <a href=\"mailto:administracion@expertoslopd.es\">administracion@expertoslopd.es<\/a><\/li>\n<\/ul>\n<p>Objectif du site web<\/p>\n<p>Le site web de la And &amp; Or a les objectifs suivants:<\/p>\n<ul>\n<li>Divulgation d&#8217;informations li\u00e9es au secteur d&#8217;activit\u00e9 de la partie responsable.<\/li>\n<li>G\u00e9rez la liste des abonn\u00e9s et des utilisateurs inscrits sur le site Web.<\/li>\n<li>L&#8217;interm\u00e9diation de services professionnels li\u00e9s \u00e0 l&#8217;objet du site web entre ses utilisateurs et les professionnels qui fournissent ces services.<\/li>\n<li>G\u00e9rer son r\u00e9seau d&#8217;affili\u00e9s et de marchands ainsi que la gestion de leurs paiements.<\/li>\n<\/ul>\n<p><strong>Cadre r\u00e9glementaire<\/strong><\/p>\n<p>L&#8217;activit\u00e9 de ce site web est soumise au cadre juridique espagnol et europ\u00e9en, plus pr\u00e9cis\u00e9ment aux r\u00e9glementations suivantes:<\/p>\n<ul>\n<li>R\u00e8glement G\u00e9n\u00e9ral sur la Protection des Donn\u00e9es (RGPD) (UE) 2016\/679 du 27 avril, qui r\u00e9glemente le traitement des donn\u00e9es personnelles dans les pays de l&#8217;Union Europ\u00e9enne.<\/li>\n<li>La loi Organique 3\/2018, du 5 d\u00e9cembre, sur la Protection des Donn\u00e9es Personnelles et la Garantie des Droits Num\u00e9riques (LOPD et GDD), un r\u00e8glement r\u00e9gional (applicable \u00e0 l&#8217;Espagne), qui d\u00e9finit et d\u00e9veloppe de nombreux concepts et droits pr\u00e9sents dans le GDPR.<\/li>\n<li>Loi 34\/2002, du 11 juillet, sur les Services de la Soci\u00e9t\u00e9 de l&#8217;Information et le Commerce \u00c9lectronique (LSSICE), une r\u00e9glementation qui touche les sites web qui, d&#8217;une mani\u00e8re ou d&#8217;une autre, exercent des activit\u00e9s \u00e9conomiques par voie \u00e9lectronique, comme c&#8217;est le cas de ce site web.<\/li>\n<\/ul>\n<p><strong>Conditions d&#8217;utilisation et responsabilit\u00e9s<\/strong><\/p>\n<p>Toute personne acc\u00e9dant \u00e0 ce site Web assume le r\u00f4le d&#8217;utilisateur, s&#8217;engageant \u00e0 respecter et \u00e0 se conformer strictement aux conditions \u00e9nonc\u00e9es dans le pr\u00e9sent document, ainsi qu&#8217;\u00e0 toute autre disposition l\u00e9gale pouvant \u00eatre applicable. &#8220;And &amp; Or&#8221; ne peut \u00eatre tenue responsable des dommages, tant pour elle-m\u00eame que pour des tiers, caus\u00e9s par la mauvaise utilisation de ce site par l&#8217;Utilisateur.<\/p>\n<p>Les comportements suivants sont strictement interdits par &#8220;And &amp; Or&#8221;. Si vous commettez l&#8217;un des actes d\u00e9crits ci-apr\u00e8s qui constitue \u00e9galement une infraction criminelle, &#8220;And &amp; Or&#8221; se r\u00e9serve le droit de vous d\u00e9noncer aux autorit\u00e9s charg\u00e9es de l&#8217;application de la loi s&#8217;il s&#8217;av\u00e8re que vous avez commis une telle infraction:<\/p>\n<ul>\n<li>Introduire ou diffuser des virus informatiques ou tout autre syst\u00e8me susceptible de causer des dommages aux syst\u00e8mes physiques ou logiques du propri\u00e9taire du domaine, de ses fournisseurs ou de tiers. Cette interdiction s&#8217;applique \u00e9galement aux scripts qui ont pu \u00eatre ins\u00e9r\u00e9s.<\/li>\n<li>Reproduction non autoris\u00e9e du contenu du site web.<\/li>\n<li>Acc\u00e9der (ou tenter d&#8217;acc\u00e9der) \u00e0 des zones restreintes de la plate-forme sans respecter les conditions requises pour cet acc\u00e8s. Ainsi que de r\u00e9v\u00e9ler des donn\u00e9es sur le fonctionnement du site web sans l&#8217;autorisation expresse des administrateurs de ce dernier.<\/li>\n<li>Contourner (ou tenter de contourner) les syst\u00e8mes de paiement \u00e9tablis par &#8220;And &amp; Or&#8221;.<\/li>\n<\/ul>\n<p>Le contenu de ce site web ne peut en aucun cas \u00eatre consid\u00e9r\u00e9 comme un substitut \u00e0 un avis juridique.<\/p>\n<p>&#8220;And &amp; Or&#8221; se r\u00e9serve le droit de modifier tout type d&#8217;information pouvant appara\u00eetre sur le site, \u00e0 tout moment et sans pr\u00e9avis, sans qu&#8217;il y ait d&#8217;obligation de pr\u00e9avis ou d&#8217;information des Utilisateurs, la publication sur ce site \u00e9tant entendue comme suffisante.<\/p>\n<p>Ce site Web a \u00e9t\u00e9 examin\u00e9 et test\u00e9 pour garantir un fonctionnement ininterrompu. Toutefois, &#8220;And &amp; Or&#8221; n&#8217;exclut pas la possibilit\u00e9 de certaines erreurs de programmation, d&#8217;une indisponibilit\u00e9 occasionnelle (ex.: arr\u00eat du serveur, maintenance du serveur) ou d&#8217;un cas de force majeure, d&#8217;une catastrophe naturelle, d&#8217;une gr\u00e8ve ou de circonstances similaires pouvant rendre impossible l&#8217;acc\u00e8s temporaire au site.<\/p>\n<p>L&#8217;utilisateur s&#8217;engage \u00e0 ne pas utiliser ce site web ou, le cas \u00e9ch\u00e9ant, les services ou produits qui y sont propos\u00e9s, pour mener des activit\u00e9s contraires \u00e0 la loi, \u00e0 l&#8217;ordre public ou aux pr\u00e9sentes conditions d&#8217;utilisation. Par cons\u00e9quent, &#8220;And &amp; Or&#8221; n&#8217;est pas responsable des informations et des contenus stock\u00e9s, \u00e0 titre d&#8217;exemple, mais sans s&#8217;y limiter, dans les forums, les chats, les g\u00e9n\u00e9rateurs web, les commentaires, les r\u00e9seaux sociaux ou tout autre moyen permettant \u00e0 des tiers de publier du contenu. Toutefois, et conform\u00e9ment aux dispositions des art. 11 et 16 de la LSSI-CE, &#8220;And &amp; Or&#8221; est \u00e0 la disposition de tous les Utilisateurs, des autorit\u00e9s et des forces de s\u00e9curit\u00e9, collaborant activement \u00e0 la suppression ou au blocage de tout contenu susceptible d&#8217;affecter ou de contrevenir au droit national ou international, aux droits des tiers ou aux bonnes m\u0153urs et \u00e0 l&#8217;ordre public. Dans le cas o\u00f9 un utilisateur consid\u00e8re qu&#8217;il y a un contenu sur le site web qui pourrait \u00eatre susceptible d&#8217;\u00eatre class\u00e9 comme tel, il doit en informer imm\u00e9diatement notre personnel.<\/p>\n<p>&#8220;And &amp; Or&#8221; se r\u00e9serve le droit de refuser ou de retirer l&#8217;acc\u00e8s au site sans avertissement pr\u00e9alable, \u00e0 sa propre demande ou \u00e0 la demande d&#8217;un tiers, aux utilisateurs qui violent nos conditions d&#8217;utilisation.<\/p>\n<p><strong>Propri\u00e9t\u00e9 intellectuelle<\/strong><\/p>\n<p>Le site web, y compris, mais sans s&#8217;y limiter, sa programmation, son \u00e9dition, sa compilation et les autres \u00e9l\u00e9ments n\u00e9cessaires \u00e0 son fonctionnement, les dessins, les logos, les textes et\/ou les graphiques sont la propri\u00e9t\u00e9 de &#8220;And &amp; Or&#8221; ou, le cas \u00e9ch\u00e9ant, font l&#8217;objet d&#8217;une licence ou d&#8217;une autorisation expresse de la part de leurs auteurs.<\/p>\n<p>Tous les contenus du site web sont d\u00fbment prot\u00e9g\u00e9s par les r\u00e9glementations en mati\u00e8re de propri\u00e9t\u00e9 intellectuelle et industrielle, ainsi qu&#8217;inscrits dans les registres publics correspondants, et la reproduction et\/ou la publication, totale ou partielle, du site web, ou son traitement informatique, sa distribution, sa diffusion, sa modification ou sa transformation, ne sont pas autoris\u00e9s sans l&#8217;autorisation \u00e9crite pr\u00e9alable de ce dernier. &#8220;And &amp; Or&#8221; veillera au respect des conditions ci-dessus, ainsi qu&#8217;au bon usage des contenus pr\u00e9sent\u00e9s sur son site web, en exer\u00e7ant toutes les actions civiles et p\u00e9nales applicables en cas d&#8217;infraction ou de violation de ces droits par l&#8217;Utilisateur.<\/p>\n<p>Les dessins, logos, textes et\/ou graphiques ext\u00e9rieurs \u00e0 &#8220;And &amp; Or&#8221; et pouvant appara\u00eetre sur le site appartiennent \u00e0 leurs propri\u00e9taires respectifs, \u00e9tant eux-m\u00eames responsables de tout litige pouvant survenir \u00e0 cet \u00e9gard. En tout cas, &#8220;And &amp; Or&#8221; compte sur l&#8217;autorisation expresse et pr\u00e9alable de la part de ces m\u00eames personnes. &#8220;And &amp; Or&#8221; reconna\u00eet en faveur de leurs propri\u00e9taires les droits correspondants de la propri\u00e9t\u00e9 industrielle et intellectuelle, n&#8217;impliquant pas sa simple mention ou apparition sur le site Web l&#8217;existence de droits ou toute responsabilit\u00e9 du responsable sur le m\u00eame, ni l&#8217;approbation, le parrainage ou la recommandation par le m\u00eame.<\/p>\n<p><strong>Liens d&#8217;affiliation et\/ou de tierce partie<\/strong><\/p>\n<p>&#8220;And &amp; Or&#8221; peut mettre \u00e0 la disposition de l&#8217;utilisateur des liens ou autres \u00e9l\u00e9ments permettant d&#8217;acc\u00e9der \u00e0 d&#8217;autres sites web appartenant \u00e0 des tiers. Nous ne commercialisons pas les produits et\/ou services de ces sites li\u00e9s, et nous n&#8217;assumons aucune responsabilit\u00e9 \u00e0 leur \u00e9gard, ni pour les informations qu&#8217;ils contiennent, ni pour leur v\u00e9racit\u00e9 ou leur l\u00e9galit\u00e9, ni pour les effets qui peuvent en r\u00e9sulter.<\/p>\n<p>En tout \u00e9tat de cause, &#8220;And &amp; Or&#8221; d\u00e9clare qu&#8217;elle proc\u00e9dera au retrait imm\u00e9diat de tout contenu susceptible de contrevenir \u00e0 la l\u00e9gislation nationale ou internationale, \u00e0 la morale ou \u00e0 l&#8217;ordre public, en proc\u00e9dant au retrait imm\u00e9diat de la redirection vers ledit site, en portant le contenu en question \u00e0 l&#8217;attention des autorit\u00e9s comp\u00e9tentes.<\/p>\n<p>Pour sa part, le responsable de ce site fait partie des programmes d&#8217;affiliation de certains produits et\/ou services de marques li\u00e9es aux contenus publi\u00e9s sur ce site. &#8220;And &amp; Or&#8221; s&#8217;engage \u00e0 ne fournir des liens affili\u00e9s que vers des produits et\/ou services dont elle conna\u00eet la qualit\u00e9.<\/p>\n<p>Cependant, nous ne commercialisons pas les produits et\/ou services des pages auxquelles il est fait r\u00e9f\u00e9rence (affili\u00e9s), et nous n&#8217;assumons aucune responsabilit\u00e9 \u00e0 leur \u00e9gard, ni pour les informations qu&#8217;elles contiennent, ni pour leur v\u00e9racit\u00e9 ou leur l\u00e9galit\u00e9, ni pour les effets qui peuvent en d\u00e9couler.<\/p>\n<p>Au cas o\u00f9 l&#8217;utilisateur subirait un quelconque probl\u00e8me avec l&#8217;un des produits ou services recommand\u00e9s, &#8220;And &amp; Or&#8221; n&#8217;assume aucune responsabilit\u00e9 juridique ou autre, mais supprimera imm\u00e9diatement tout contenu susceptible de violer le droit national ou international, la morale ou l&#8217;ordre public, en proc\u00e9dant au retrait imm\u00e9diat de la redirection vers ce site web, en portant le contenu en question \u00e0 l&#8217;attention des autorit\u00e9s comp\u00e9tentes.<\/p>\n<p>Droit applicable et juridiction<\/p>\n<p>La langue de r\u00e9daction et d&#8217;interpr\u00e9tation de cet avis juridique est l&#8217;espagnol.<\/p>\n<p>La relation entre &#8220;And &amp; Or&#8221; et l&#8217;utilisateur est r\u00e9gie \u00e0 tous \u00e9gards par la loi espagnole, \u00e0 laquelle les deux parties se soumettent express\u00e9ment en cas de litige ou de question relative \u00e0 ce site Web ou aux activit\u00e9s qui y sont men\u00e9es.<\/p>\n<p>Pour sa part, dans l&#8217;\u00e9ventualit\u00e9 o\u00f9 l&#8217;utilisateur est domicili\u00e9 \u00e0 l&#8217;ext\u00e9rieur de l&#8217;Espagne, &#8221; And &amp; Or &#8221; et l&#8217;utilisateur conviennent de se soumettre, en renon\u00e7ant express\u00e9ment \u00e0 toute autre juridiction, aux Cours et Tribunaux comp\u00e9tents de l&#8217;Espagne.<\/p>\n<\/div><div class=\"fusion-clearfix\"><\/div><\/div><\/div><\/div><\/div>\n","protected":false},"excerpt":{"rendered":"","protected":false},"author":1,"featured_media":0,"parent":0,"menu_order":0,"comment_status":"open","ping_status":"open","template":"","meta":{"footnotes":""},"class_list":["post-34082","page","type-page","status-publish","hentry"],"yoast_head":"<!-- This site is optimized with the Yoast SEO plugin v27.3 - https:\/\/yoast.com\/product\/yoast-seo-wordpress\/ -->\n<title>Mentions l\u00e9gales - Andyor<\/title>\n<meta name=\"robots\" content=\"noindex, nofollow\" \/>\n<meta property=\"og:locale\" content=\"fr_FR\" \/>\n<meta property=\"og:type\" content=\"article\" \/>\n<meta property=\"og:title\" content=\"Mentions l\u00e9gales - Andyor\" \/>\n<meta property=\"og:url\" content=\"https:\/\/andyor.com\/fr\/aviso-legal\/\" \/>\n<meta property=\"og:site_name\" content=\"Andyor\" \/>\n<meta property=\"article:modified_time\" content=\"2021-10-29T08:25:55+00:00\" \/>\n<meta name=\"twitter:card\" content=\"summary_large_image\" \/>\n<meta name=\"twitter:label1\" content=\"Dur\u00e9e de lecture estim\u00e9e\" \/>\n\t<meta name=\"twitter:data1\" content=\"10 minutes\" \/>\n<script type=\"application\/ld+json\" class=\"yoast-schema-graph\">{\"@context\":\"https:\\\/\\\/schema.org\",\"@graph\":[{\"@type\":\"WebPage\",\"@id\":\"https:\\\/\\\/andyor.com\\\/fr\\\/aviso-legal\\\/\",\"url\":\"https:\\\/\\\/andyor.com\\\/fr\\\/aviso-legal\\\/\",\"name\":\"Mentions l\u00e9gales - Andyor\",\"isPartOf\":{\"@id\":\"https:\\\/\\\/andyor.com\\\/#website\"},\"datePublished\":\"2020-03-31T17:44:09+00:00\",\"dateModified\":\"2021-10-29T08:25:55+00:00\",\"inLanguage\":\"fr-FR\",\"potentialAction\":[{\"@type\":\"ReadAction\",\"target\":[\"https:\\\/\\\/andyor.com\\\/fr\\\/aviso-legal\\\/\"]}]},{\"@type\":\"WebSite\",\"@id\":\"https:\\\/\\\/andyor.com\\\/#website\",\"url\":\"https:\\\/\\\/andyor.com\\\/\",\"name\":\"Andyor\",\"description\":\"Solutions for Blow molding, Bottling and Packaging industries\",\"potentialAction\":[{\"@type\":\"SearchAction\",\"target\":{\"@type\":\"EntryPoint\",\"urlTemplate\":\"https:\\\/\\\/andyor.com\\\/?s={search_term_string}\"},\"query-input\":{\"@type\":\"PropertyValueSpecification\",\"valueRequired\":true,\"valueName\":\"search_term_string\"}}],\"inLanguage\":\"fr-FR\"}]}<\/script>\n<!-- \/ Yoast SEO plugin. -->","yoast_head_json":{"title":"Mentions l\u00e9gales - Andyor","robots":{"index":"noindex","follow":"nofollow"},"og_locale":"fr_FR","og_type":"article","og_title":"Mentions l\u00e9gales - Andyor","og_url":"https:\/\/andyor.com\/fr\/aviso-legal\/","og_site_name":"Andyor","article_modified_time":"2021-10-29T08:25:55+00:00","twitter_card":"summary_large_image","twitter_misc":{"Dur\u00e9e de lecture estim\u00e9e":"10 minutes"},"schema":{"@context":"https:\/\/schema.org","@graph":[{"@type":"WebPage","@id":"https:\/\/andyor.com\/fr\/aviso-legal\/","url":"https:\/\/andyor.com\/fr\/aviso-legal\/","name":"Mentions l\u00e9gales - Andyor","isPartOf":{"@id":"https:\/\/andyor.com\/#website"},"datePublished":"2020-03-31T17:44:09+00:00","dateModified":"2021-10-29T08:25:55+00:00","inLanguage":"fr-FR","potentialAction":[{"@type":"ReadAction","target":["https:\/\/andyor.com\/fr\/aviso-legal\/"]}]},{"@type":"WebSite","@id":"https:\/\/andyor.com\/#website","url":"https:\/\/andyor.com\/","name":"Andyor","description":"Solutions for Blow molding, Bottling and Packaging industries","potentialAction":[{"@type":"SearchAction","target":{"@type":"EntryPoint","urlTemplate":"https:\/\/andyor.com\/?s={search_term_string}"},"query-input":{"@type":"PropertyValueSpecification","valueRequired":true,"valueName":"search_term_string"}}],"inLanguage":"fr-FR"}]}},"_links":{"self":[{"href":"https:\/\/andyor.com\/fr\/wp-json\/wp\/v2\/pages\/34082","targetHints":{"allow":["GET"]}}],"collection":[{"href":"https:\/\/andyor.com\/fr\/wp-json\/wp\/v2\/pages"}],"about":[{"href":"https:\/\/andyor.com\/fr\/wp-json\/wp\/v2\/types\/page"}],"author":[{"embeddable":true,"href":"https:\/\/andyor.com\/fr\/wp-json\/wp\/v2\/users\/1"}],"replies":[{"embeddable":true,"href":"https:\/\/andyor.com\/fr\/wp-json\/wp\/v2\/comments?post=34082"}],"version-history":[{"count":3,"href":"https:\/\/andyor.com\/fr\/wp-json\/wp\/v2\/pages\/34082\/revisions"}],"predecessor-version":[{"id":34311,"href":"https:\/\/andyor.com\/fr\/wp-json\/wp\/v2\/pages\/34082\/revisions\/34311"}],"wp:attachment":[{"href":"https:\/\/andyor.com\/fr\/wp-json\/wp\/v2\/media?parent=34082"}],"curies":[{"name":"wp","href":"https:\/\/api.w.org\/{rel}","templated":true}]}}