{"id":38795,"date":"2025-11-24T16:00:42","date_gmt":"2025-11-24T15:00:42","guid":{"rendered":"https:\/\/andyor.com\/?page_id=38795"},"modified":"2025-11-25T08:58:18","modified_gmt":"2025-11-25T07:58:18","slug":"assistance-technique","status":"publish","type":"page","link":"https:\/\/andyor.com\/fr\/demande-de-services\/assistance-technique\/","title":{"rendered":"ASSISTANCE TECHNIQUE"},"content":{"rendered":"<div class=\"fusion-fullwidth fullwidth-box fusion-builder-row-1 fusion-flex-container nonhundred-percent-fullwidth non-hundred-percent-height-scrolling\" style=\"--awb-border-radius-top-left:0px;--awb-border-radius-top-right:0px;--awb-border-radius-bottom-right:0px;--awb-border-radius-bottom-left:0px;--awb-flex-wrap:wrap;\" ><div class=\"fusion-builder-row fusion-row fusion-flex-align-items-flex-start fusion-flex-content-wrap\" style=\"max-width:1248px;margin-left: calc(-4% \/ 2 );margin-right: calc(-4% \/ 2 );\"><div class=\"fusion-layout-column fusion_builder_column fusion-builder-column-0 fusion_builder_column_1_1 1_1 fusion-flex-column\" style=\"--awb-bg-size:cover;--awb-width-large:100%;--awb-margin-top-large:0px;--awb-spacing-right-large:1.92%;--awb-margin-bottom-large:20px;--awb-spacing-left-large:1.92%;--awb-width-medium:100%;--awb-order-medium:0;--awb-spacing-right-medium:1.92%;--awb-spacing-left-medium:1.92%;--awb-width-small:100%;--awb-order-small:0;--awb-spacing-right-small:1.92%;--awb-spacing-left-small:1.92%;\"><div class=\"fusion-column-wrapper fusion-column-has-shadow fusion-flex-justify-content-flex-start fusion-content-layout-column\"><div class=\"fusion-content-boxes content-boxes columns row fusion-columns-1 fusion-columns-total-1 fusion-content-boxes-1 content-boxes-icon-with-title content-left\" style=\"--awb-hover-accent-color:#669f86;--awb-circle-hover-accent-color:#669f86;--awb-item-margin-bottom:40px;\" data-animationOffset=\"top-into-view\"><div style=\"--awb-backgroundcolor:rgba(255,255,255,0);\" class=\"fusion-column content-box-column content-box-column content-box-column-1 col-lg-12 col-md-12 col-sm-12 fusion-content-box-hover content-box-column-last content-box-column-last-in-row\"><div class=\"col content-box-wrapper content-wrapper link-area-link-icon content-icon-wrapper-yes icon-hover-animation-fade\" data-animationOffset=\"top-into-view\"><div class=\"fusion-clearfix\"><\/div><div class=\"content-container\">\n<p>Avez-vous un probl\u00e8me ou besoin d&#8217;assistance op\u00e9rationnelle ?<br \/>Ici, vous pouvez signaler votre cas, remplir le formulaire et\/ou contacter notre \u00e9quipe de support technique pour une r\u00e9ponse rapide et efficace.<\/p>\n<div class=\"contact\"><a style=\"background-color: rgba(0, 0, 0, 0);\" href=\"mailto:soporte@andyor.com\">\u2709\ufe0f Email : <b><u>soporte@andyor.com<\/u><\/b><\/a><\/div>\n<div class=\"contact\"><a href=\"tel:+34674359801\">\ud83d\udcde T\u00e9l\u00e9phone \/ WhatsApp : <b><u>+34 674 359 801<\/u><\/b><\/a><\/div>\n<p>&nbsp;<\/p>\n<p>Si nous ne pouvons pas r\u00e9pondre imm\u00e9diatement \u00e0 votre appel, nous vous remercions de laisser un message via WhatsApp avec les informations n\u00e9cessaires. Tous les incidents de moins de 30 minutes b\u00e9n\u00e9ficient d\u2019un service gratuit ; si ce temps est d\u00e9pass\u00e9, les tarifs applicables vous seront communiqu\u00e9s.<\/p>\n<p>Le <strong>d\u00e9lai de r\u00e9ponse estim\u00e9 est de 24 \u00e0 72 heures<\/strong>, selon la demande. Si vous avez besoin d\u2019un service plus prioritaire ou urgent, vous pouvez vous renseigner sur les tarifs.<\/p>\n<\/div><\/div><\/div><div class=\"fusion-clearfix\"><\/div><\/div><\/div><\/div><div class=\"fusion-layout-column fusion_builder_column fusion-builder-column-1 fusion_builder_column_1_1 1_1 fusion-flex-column\" style=\"--awb-bg-size:cover;--awb-width-large:100%;--awb-margin-top-large:0px;--awb-spacing-right-large:1.92%;--awb-margin-bottom-large:0px;--awb-spacing-left-large:1.92%;--awb-width-medium:100%;--awb-spacing-right-medium:1.92%;--awb-spacing-left-medium:1.92%;--awb-width-small:100%;--awb-spacing-right-small:1.92%;--awb-spacing-left-small:1.92%;\"><div class=\"fusion-column-wrapper fusion-flex-justify-content-flex-start fusion-content-layout-column\"><script type=\"text\/javascript\">var gform;gform||(document.addEventListener(\"gform_main_scripts_loaded\",function(){gform.scriptsLoaded=!0}),window.addEventListener(\"DOMContentLoaded\",function(){gform.domLoaded=!0}),gform={domLoaded:!1,scriptsLoaded:!1,initializeOnLoaded:function(o){gform.domLoaded&&gform.scriptsLoaded?o():!gform.domLoaded&&gform.scriptsLoaded?window.addEventListener(\"DOMContentLoaded\",o):document.addEventListener(\"gform_main_scripts_loaded\",o)},hooks:{action:{},filter:{}},addAction:function(o,n,r,t){gform.addHook(\"action\",o,n,r,t)},addFilter:function(o,n,r,t){gform.addHook(\"filter\",o,n,r,t)},doAction:function(o){gform.doHook(\"action\",o,arguments)},applyFilters:function(o){return gform.doHook(\"filter\",o,arguments)},removeAction:function(o,n){gform.removeHook(\"action\",o,n)},removeFilter:function(o,n,r){gform.removeHook(\"filter\",o,n,r)},addHook:function(o,n,r,t,i){null==gform.hooks[o][n]&&(gform.hooks[o][n]=[]);var e=gform.hooks[o][n];null==i&&(i=n+\"_\"+e.length),gform.hooks[o][n].push({tag:i,callable:r,priority:t=null==t?10:t})},doHook:function(n,o,r){var t;if(r=Array.prototype.slice.call(r,1),null!=gform.hooks[n][o]&&((o=gform.hooks[n][o]).sort(function(o,n){return o.priority-n.priority}),o.forEach(function(o){\"function\"!=typeof(t=o.callable)&&(t=window[t]),\"action\"==n?t.apply(null,r):r[0]=t.apply(null,r)})),\"filter\"==n)return r[0]},removeHook:function(o,n,t,i){var r;null!=gform.hooks[o][n]&&(r=(r=gform.hooks[o][n]).filter(function(o,n,r){return!!(null!=i&&i!=o.tag||null!=t&&t!=o.priority)}),gform.hooks[o][n]=r)}});<\/script>\n                <div class='gf_browser_gecko gform_wrapper gravity-theme' id='gform_wrapper_20' >\n                        <div class='gform_heading'>\n                            <h2 class=\"gform_title\">ASSISTANCE TECHNIQUE<\/h2>\n                            <span class='gform_description'><\/span>\n\t\t\t\t\t\t\t<p class='gform_required_legend'>\u00ab\u00a0<span class=\"gfield_required gfield_required_asterisk\">*<\/span>\u00a0\u00bb indique les champs n\u00e9cessaires<\/p>\n                        <\/div><form method='post' enctype='multipart\/form-data'  id='gform_20'  action='\/fr\/wp-json\/wp\/v2\/pages\/38795' novalidate>\n                        <div class='gform_body gform-body'><div id='gform_fields_20' class='gform_fields top_label form_sublabel_below description_below'><fieldset id=\"field_20_1\"  class=\"gfield gfield_contains_required field_sublabel_below field_description_below gfield_visibility_visible\"  data-js-reload=\"field_20_1\"><legend class='gfield_label gfield_label_before_complex'  >Nom<span class=\"gfield_required\"><span class=\"gfield_required gfield_required_asterisk\">*<\/span><\/span><\/legend><div class='ginput_complex ginput_container no_prefix has_first_name no_middle_name no_last_name no_suffix gf_name_has_1 ginput_container_name' id='input_20_1'>\n                            \n                            <span id='input_20_1_3_container' class='name_first' >\n                                                    <input type='text' name='input_1.3' id='input_20_1_3' value=''   aria-required='true'     \/>\n                                                    <label for='input_20_1_3' >Nom<\/label>\n                                                <\/span>\n                            \n                            \n                            \n                        <\/div><\/fieldset><div id=\"field_20_3\"  class=\"gfield gfield--width-full gfield_contains_required field_sublabel_below field_description_below gfield_visibility_visible\"  data-js-reload=\"field_20_3\"><label class='gfield_label' for='input_20_3' >Entreprise<span class=\"gfield_required\"><span class=\"gfield_required gfield_required_asterisk\">*<\/span><\/span><\/label><div class='ginput_container ginput_container_text'><input name='input_3' id='input_20_3' type='text' value='' class='large'     aria-required=\"true\" aria-invalid=\"false\"   \/> <\/div><\/div><div id=\"field_20_4\"  class=\"gfield gfield--width-full gfield_contains_required field_sublabel_below field_description_below gfield_visibility_visible\"  data-js-reload=\"field_20_4\"><label class='gfield_label' for='input_20_4' >Pays<span class=\"gfield_required\"><span class=\"gfield_required gfield_required_asterisk\">*<\/span><\/span><\/label><div class='ginput_container ginput_container_text'><input name='input_4' id='input_20_4' type='text' value='' class='large'     aria-required=\"true\" aria-invalid=\"false\"   \/> <\/div><\/div><div id=\"field_20_5\"  class=\"gfield gfield--width-full gfield_contains_required field_sublabel_below field_description_below gfield_visibility_visible\"  data-js-reload=\"field_20_5\"><label class='gfield_label' for='input_20_5' >T\u00e9l\u00e9phone<span class=\"gfield_required\"><span class=\"gfield_required gfield_required_asterisk\">*<\/span><\/span><\/label><div class='ginput_container ginput_container_phone'><input name='input_5' id='input_20_5' type='tel' value='' class='large'   aria-required=\"true\" aria-invalid=\"false\" aria-describedby=\"gfield_description_20_5\"  \/><\/div><div class='gfield_description' id='gfield_description_20_5'>Veuillez indiquer votre indicatif<\/div><\/div><div id=\"field_20_6\"  class=\"gfield gfield--width-full gfield_contains_required field_sublabel_below field_description_below gfield_visibility_visible\"  data-js-reload=\"field_20_6\"><label class='gfield_label' for='input_20_6' >E-mail<span class=\"gfield_required\"><span class=\"gfield_required gfield_required_asterisk\">*<\/span><\/span><\/label><div class='ginput_container ginput_container_email'>\n                            <input name='input_6' id='input_20_6' type='email' value='' class='large'    aria-required=\"true\" aria-invalid=\"false\"  \/>\n                        <\/div><\/div><div id=\"field_20_7\"  class=\"gfield gfield--width-full gfield_contains_required field_sublabel_below field_description_below gfield_visibility_visible\"  data-js-reload=\"field_20_7\"><label class='gfield_label' for='input_20_7' >Objet<span class=\"gfield_required\"><span class=\"gfield_required gfield_required_asterisk\">*<\/span><\/span><\/label><div class='ginput_container ginput_container_select'><select name='input_7' id='input_20_7' class='large gfield_select'    aria-required=\"true\" aria-invalid=\"false\" ><option value='Probl\u00e8me technique g\u00e9n\u00e9ral' >Probl\u00e8me technique g\u00e9n\u00e9ral<\/option><option value='Probl\u00e8me m\u00e9canique' >Probl\u00e8me m\u00e9canique<\/option><option value='Probl\u00e8me \u00e9lectrique' >Probl\u00e8me \u00e9lectrique<\/option><option value='Probl\u00e8me logiciel' >Probl\u00e8me logiciel<\/option><option value='Autres' >Autres<\/option><\/select><\/div><\/div><div id=\"field_20_8\"  class=\"gfield gfield--width-full gfield_contains_required field_sublabel_below field_description_below gfield_visibility_visible\"  data-js-reload=\"field_20_8\"><label class='gfield_label' for='input_20_8' >Num\u00e9ro(s) de machine (YYXXXX-X.X)<span class=\"gfield_required\"><span class=\"gfield_required gfield_required_asterisk\">*<\/span><\/span><\/label><div class='ginput_container ginput_container_text'><input name='input_8' id='input_20_8' type='text' value='' class='large'     aria-required=\"true\" aria-invalid=\"false\"   \/> <\/div><\/div><div id=\"field_20_9\"  class=\"gfield gfield--width-full field_sublabel_below field_description_below gfield_visibility_visible\"  data-js-reload=\"field_20_9\"><label class='gfield_label' for='gform_browse_button_20_9' >Fichiers<\/label><div class='ginput_container ginput_container_fileupload'><div id='gform_multifile_upload_20_9' data-settings='{&quot;runtimes&quot;:&quot;html5,flash,html4&quot;,&quot;browse_button&quot;:&quot;gform_browse_button_20_9&quot;,&quot;container&quot;:&quot;gform_multifile_upload_20_9&quot;,&quot;drop_element&quot;:&quot;gform_drag_drop_area_20_9&quot;,&quot;filelist&quot;:&quot;gform_preview_20_9&quot;,&quot;unique_names&quot;:true,&quot;file_data_name&quot;:&quot;file&quot;,&quot;url&quot;:&quot;https:\\\/\\\/andyor.com\\\/fr\\\/?gf_page=ea81ed1981f341c&quot;,&quot;flash_swf_url&quot;:&quot;https:\\\/\\\/andyor.com\\\/wp-includes\\\/js\\\/plupload\\\/plupload.flash.swf&quot;,&quot;silverlight_xap_url&quot;:&quot;https:\\\/\\\/andyor.com\\\/wp-includes\\\/js\\\/plupload\\\/plupload.silverlight.xap&quot;,&quot;filters&quot;:{&quot;mime_types&quot;:[{&quot;title&quot;:&quot;Fichiers autoris\\u00e9s&quot;,&quot;extensions&quot;:&quot;*&quot;}],&quot;max_file_size&quot;:&quot;52428800b&quot;},&quot;multipart&quot;:true,&quot;urlstream_upload&quot;:false,&quot;multipart_params&quot;:{&quot;form_id&quot;:20,&quot;field_id&quot;:9},&quot;gf_vars&quot;:{&quot;max_files&quot;:0,&quot;message_id&quot;:&quot;gform_multifile_messages_20_9&quot;,&quot;disallowed_extensions&quot;:[&quot;php&quot;,&quot;asp&quot;,&quot;aspx&quot;,&quot;cmd&quot;,&quot;csh&quot;,&quot;bat&quot;,&quot;html&quot;,&quot;htm&quot;,&quot;hta&quot;,&quot;jar&quot;,&quot;exe&quot;,&quot;com&quot;,&quot;js&quot;,&quot;lnk&quot;,&quot;htaccess&quot;,&quot;phtml&quot;,&quot;ps1&quot;,&quot;ps2&quot;,&quot;php3&quot;,&quot;php4&quot;,&quot;php5&quot;,&quot;php6&quot;,&quot;py&quot;,&quot;rb&quot;,&quot;tmp&quot;]}}' class='gform_fileupload_multifile'>\n\t\t\t\t\t\t\t\t\t\t<div id='gform_drag_drop_area_20_9' class='gform_drop_area'>\n\t\t\t\t\t\t\t\t\t\t\t<span class='gform_drop_instructions'>D\u00e9posez les fichiers ici ou <\/span>\n\t\t\t\t\t\t\t\t\t\t\t<button type='button' id='gform_browse_button_20_9' class='button gform_button_select_files' aria-describedby=\"gfield_upload_rules_20_9\"  >S\u00e9lectionnez des fichiers<\/button>\n\t\t\t\t\t\t\t\t\t\t<\/div>\n\t\t\t\t\t\t\t\t\t<\/div><span class='gform_fileupload_rules' id='gfield_upload_rules_20_9'>Taille max. des fichiers\u00a0: 50 MB.<\/span><ul class='validation_message validation_message--hidden-on-empty gfield_validation_message gform-ul-reset' id='gform_multifile_messages_20_9'><\/ul> <!-- Leave <ul> empty to support CSS :empty selector. --><\/div><div id='gform_preview_20_9'><\/div><\/div><div id=\"field_20_10\"  class=\"gfield gfield--width-full field_sublabel_below field_description_below gfield_visibility_visible\"  data-js-reload=\"field_20_10\"><label class='gfield_label' for='input_20_10' >Br\u00e8ve description de l\u2019incident<\/label><div class='ginput_container ginput_container_textarea'><textarea name='input_10' id='input_20_10' class='textarea large'      aria-invalid=\"false\"   rows='10' cols='50'><\/textarea><\/div><\/div><div id=\"field_20_11\"  class=\"gfield gfield--width-full field_sublabel_below field_description_below gfield_visibility_visible\"  data-js-reload=\"field_20_11\"><label class='gfield_label' for='input_20_11' >CAPTCHA<\/label><div id='input_20_11' class='ginput_container ginput_recaptcha' data-sitekey='6Lcb4w4mAAAAAJJnD30S4slqjLv16YNoIL61V9BI'  data-theme='light' data-tabindex='0'  data-badge=''><\/div><\/div><\/div><\/div>\n        <div class='gform_footer top_label'> <input type='submit' id='gform_submit_button_20' class='gform_button button' value='Enviar'  onclick='if(window[\"gf_submitting_20\"]){return false;}  if( !jQuery(\"#gform_20\")[0].checkValidity || jQuery(\"#gform_20\")[0].checkValidity()){window[\"gf_submitting_20\"]=true;}  ' onkeypress='if( event.keyCode == 13 ){ if(window[\"gf_submitting_20\"]){return false;} if( !jQuery(\"#gform_20\")[0].checkValidity || jQuery(\"#gform_20\")[0].checkValidity()){window[\"gf_submitting_20\"]=true;}  jQuery(\"#gform_20\").trigger(\"submit\",[true]); }' \/> \n            <input type='hidden' class='gform_hidden' name='is_submit_20' value='1' \/>\n            <input type='hidden' class='gform_hidden' name='gform_submit' value='20' \/>\n            \n            <input type='hidden' class='gform_hidden' name='gform_unique_id' value='' \/>\n            <input type='hidden' class='gform_hidden' name='state_20' value='WyJbXSIsImY1YTRhOWVkODg4ZmVkYzY3N2MzYmIzYTkwOGQzY2QwIl0=' \/>\n            <input type='hidden' class='gform_hidden' name='gform_target_page_number_20' id='gform_target_page_number_20' value='0' \/>\n            <input type='hidden' class='gform_hidden' name='gform_source_page_number_20' id='gform_source_page_number_20' value='1' \/>\n            <input type='hidden' name='gform_field_values' value='' \/>\n            <input type='hidden' name='gform_uploaded_files' id='gform_uploaded_files_20' value='' \/>\n        <\/div>\n                        <p style=\"display: none !important;\" class=\"akismet-fields-container\" data-prefix=\"ak_\"><label>&#916;<textarea name=\"ak_hp_textarea\" cols=\"45\" rows=\"8\" maxlength=\"100\"><\/textarea><\/label><input type=\"hidden\" id=\"ak_js_1\" name=\"ak_js\" value=\"247\"\/><script>document.getElementById( \"ak_js_1\" ).setAttribute( \"value\", ( new Date() ).getTime() );<\/script><\/p><\/form>\n                        <\/div><\/div><\/div><\/div><\/div>\n","protected":false},"excerpt":{"rendered":"","protected":false},"author":550,"featured_media":0,"parent":38792,"menu_order":0,"comment_status":"closed","ping_status":"closed","template":"","meta":{"footnotes":""},"class_list":["post-38795","page","type-page","status-publish","hentry"],"yoast_head":"<!-- This site is optimized with the Yoast SEO plugin v27.3 - https:\/\/yoast.com\/product\/yoast-seo-wordpress\/ -->\n<title>ASSISTANCE TECHNIQUE - Andyor<\/title>\n<meta name=\"robots\" content=\"index, follow, max-snippet:-1, max-image-preview:large, max-video-preview:-1\" \/>\n<link rel=\"canonical\" href=\"https:\/\/andyor.com\/fr\/demande-de-services\/assistance-technique\/\" \/>\n<meta property=\"og:locale\" content=\"fr_FR\" \/>\n<meta property=\"og:type\" content=\"article\" \/>\n<meta property=\"og:title\" content=\"ASSISTANCE TECHNIQUE - Andyor\" \/>\n<meta property=\"og:url\" content=\"https:\/\/andyor.com\/fr\/demande-de-services\/assistance-technique\/\" \/>\n<meta property=\"og:site_name\" content=\"Andyor\" \/>\n<meta property=\"article:modified_time\" content=\"2025-11-25T07:58:18+00:00\" \/>\n<meta name=\"twitter:card\" content=\"summary_large_image\" \/>\n<script type=\"application\/ld+json\" class=\"yoast-schema-graph\">{\"@context\":\"https:\\\/\\\/schema.org\",\"@graph\":[{\"@type\":\"WebPage\",\"@id\":\"https:\\\/\\\/andyor.com\\\/fr\\\/demande-de-services\\\/assistance-technique\\\/\",\"url\":\"https:\\\/\\\/andyor.com\\\/fr\\\/demande-de-services\\\/assistance-technique\\\/\",\"name\":\"ASSISTANCE TECHNIQUE - Andyor\",\"isPartOf\":{\"@id\":\"https:\\\/\\\/andyor.com\\\/#website\"},\"datePublished\":\"2025-11-24T15:00:42+00:00\",\"dateModified\":\"2025-11-25T07:58:18+00:00\",\"breadcrumb\":{\"@id\":\"https:\\\/\\\/andyor.com\\\/fr\\\/demande-de-services\\\/assistance-technique\\\/#breadcrumb\"},\"inLanguage\":\"fr-FR\",\"potentialAction\":[{\"@type\":\"ReadAction\",\"target\":[\"https:\\\/\\\/andyor.com\\\/fr\\\/demande-de-services\\\/assistance-technique\\\/\"]}]},{\"@type\":\"BreadcrumbList\",\"@id\":\"https:\\\/\\\/andyor.com\\\/fr\\\/demande-de-services\\\/assistance-technique\\\/#breadcrumb\",\"itemListElement\":[{\"@type\":\"ListItem\",\"position\":1,\"name\":\"DEMANDE DE SERVICES\",\"item\":\"https:\\\/\\\/andyor.com\\\/fr\\\/demande-de-services\\\/\"},{\"@type\":\"ListItem\",\"position\":2,\"name\":\"ASSISTANCE TECHNIQUE\"}]},{\"@type\":\"WebSite\",\"@id\":\"https:\\\/\\\/andyor.com\\\/#website\",\"url\":\"https:\\\/\\\/andyor.com\\\/\",\"name\":\"Andyor\",\"description\":\"Solutions for Blow molding, Bottling and Packaging industries\",\"potentialAction\":[{\"@type\":\"SearchAction\",\"target\":{\"@type\":\"EntryPoint\",\"urlTemplate\":\"https:\\\/\\\/andyor.com\\\/?s={search_term_string}\"},\"query-input\":{\"@type\":\"PropertyValueSpecification\",\"valueRequired\":true,\"valueName\":\"search_term_string\"}}],\"inLanguage\":\"fr-FR\"}]}<\/script>\n<!-- \/ Yoast SEO plugin. -->","yoast_head_json":{"title":"ASSISTANCE TECHNIQUE - Andyor","robots":{"index":"index","follow":"follow","max-snippet":"max-snippet:-1","max-image-preview":"max-image-preview:large","max-video-preview":"max-video-preview:-1"},"canonical":"https:\/\/andyor.com\/fr\/demande-de-services\/assistance-technique\/","og_locale":"fr_FR","og_type":"article","og_title":"ASSISTANCE TECHNIQUE - Andyor","og_url":"https:\/\/andyor.com\/fr\/demande-de-services\/assistance-technique\/","og_site_name":"Andyor","article_modified_time":"2025-11-25T07:58:18+00:00","twitter_card":"summary_large_image","schema":{"@context":"https:\/\/schema.org","@graph":[{"@type":"WebPage","@id":"https:\/\/andyor.com\/fr\/demande-de-services\/assistance-technique\/","url":"https:\/\/andyor.com\/fr\/demande-de-services\/assistance-technique\/","name":"ASSISTANCE TECHNIQUE - Andyor","isPartOf":{"@id":"https:\/\/andyor.com\/#website"},"datePublished":"2025-11-24T15:00:42+00:00","dateModified":"2025-11-25T07:58:18+00:00","breadcrumb":{"@id":"https:\/\/andyor.com\/fr\/demande-de-services\/assistance-technique\/#breadcrumb"},"inLanguage":"fr-FR","potentialAction":[{"@type":"ReadAction","target":["https:\/\/andyor.com\/fr\/demande-de-services\/assistance-technique\/"]}]},{"@type":"BreadcrumbList","@id":"https:\/\/andyor.com\/fr\/demande-de-services\/assistance-technique\/#breadcrumb","itemListElement":[{"@type":"ListItem","position":1,"name":"DEMANDE DE SERVICES","item":"https:\/\/andyor.com\/fr\/demande-de-services\/"},{"@type":"ListItem","position":2,"name":"ASSISTANCE TECHNIQUE"}]},{"@type":"WebSite","@id":"https:\/\/andyor.com\/#website","url":"https:\/\/andyor.com\/","name":"Andyor","description":"Solutions for Blow molding, Bottling and Packaging industries","potentialAction":[{"@type":"SearchAction","target":{"@type":"EntryPoint","urlTemplate":"https:\/\/andyor.com\/?s={search_term_string}"},"query-input":{"@type":"PropertyValueSpecification","valueRequired":true,"valueName":"search_term_string"}}],"inLanguage":"fr-FR"}]}},"_links":{"self":[{"href":"https:\/\/andyor.com\/fr\/wp-json\/wp\/v2\/pages\/38795","targetHints":{"allow":["GET"]}}],"collection":[{"href":"https:\/\/andyor.com\/fr\/wp-json\/wp\/v2\/pages"}],"about":[{"href":"https:\/\/andyor.com\/fr\/wp-json\/wp\/v2\/types\/page"}],"author":[{"embeddable":true,"href":"https:\/\/andyor.com\/fr\/wp-json\/wp\/v2\/users\/550"}],"replies":[{"embeddable":true,"href":"https:\/\/andyor.com\/fr\/wp-json\/wp\/v2\/comments?post=38795"}],"version-history":[{"count":3,"href":"https:\/\/andyor.com\/fr\/wp-json\/wp\/v2\/pages\/38795\/revisions"}],"predecessor-version":[{"id":38834,"href":"https:\/\/andyor.com\/fr\/wp-json\/wp\/v2\/pages\/38795\/revisions\/38834"}],"up":[{"embeddable":true,"href":"https:\/\/andyor.com\/fr\/wp-json\/wp\/v2\/pages\/38792"}],"wp:attachment":[{"href":"https:\/\/andyor.com\/fr\/wp-json\/wp\/v2\/media?parent=38795"}],"curies":[{"name":"wp","href":"https:\/\/api.w.org\/{rel}","templated":true}]}}