{"id":38798,"date":"2025-11-24T16:01:38","date_gmt":"2025-11-24T15:01:38","guid":{"rendered":"https:\/\/andyor.com\/?page_id=38798"},"modified":"2025-11-25T08:41:26","modified_gmt":"2025-11-25T07:41:26","slug":"services-et-adaptations","status":"publish","type":"page","link":"https:\/\/andyor.com\/fr\/demande-de-services\/services-et-adaptations\/","title":{"rendered":"SERVICES ET ADAPTATIONS"},"content":{"rendered":"<p><div class=\"fusion-fullwidth fullwidth-box fusion-builder-row-1 fusion-flex-container nonhundred-percent-fullwidth non-hundred-percent-height-scrolling\" style=\"--awb-border-radius-top-left:0px;--awb-border-radius-top-right:0px;--awb-border-radius-bottom-right:0px;--awb-border-radius-bottom-left:0px;--awb-flex-wrap:wrap;\" ><div class=\"fusion-builder-row fusion-row fusion-flex-align-items-flex-start fusion-flex-content-wrap\" style=\"max-width:1248px;margin-left: calc(-4% \/ 2 );margin-right: calc(-4% \/ 2 );\"><div class=\"fusion-layout-column fusion_builder_column fusion-builder-column-0 fusion_builder_column_1_1 1_1 fusion-flex-column\" style=\"--awb-bg-size:cover;--awb-width-large:100%;--awb-margin-top-large:0px;--awb-spacing-right-large:1.92%;--awb-margin-bottom-large:0px;--awb-spacing-left-large:1.92%;--awb-width-medium:100%;--awb-spacing-right-medium:1.92%;--awb-spacing-left-medium:1.92%;--awb-width-small:100%;--awb-spacing-right-small:1.92%;--awb-spacing-left-small:1.92%;\"><div class=\"fusion-column-wrapper fusion-flex-justify-content-flex-start fusion-content-layout-column\"><div class=\"fusion-content-boxes content-boxes columns row fusion-columns-1 fusion-columns-total-1 fusion-content-boxes-1 content-boxes-icon-with-title content-left\" style=\"--awb-hover-accent-color:#669f86;--awb-circle-hover-accent-color:#669f86;--awb-item-margin-bottom:40px;\" data-animationOffset=\"top-into-view\"><div style=\"--awb-backgroundcolor:rgba(255,255,255,0);\" class=\"fusion-column content-box-column content-box-column content-box-column-1 col-lg-12 col-md-12 col-sm-12 fusion-content-box-hover content-box-column-last content-box-column-last-in-row\"><div class=\"col content-box-wrapper content-wrapper link-area-link-icon content-icon-wrapper-yes icon-hover-animation-fade\" data-animationOffset=\"top-into-view\"><div class=\"fusion-clearfix\"><\/div><div class=\"content-container\">\n<p>Dans cette section, vous trouverez le formulaire pour d\u00e9tailler votre demande ainsi que les coordonn\u00e9es permettant de contacter directement notre \u00e9quipe technique sp\u00e9cialis\u00e9e. Si vous le souhaitez, vous pouvez \u00e9galement nous contacter directement.<\/p>\n<div class=\"contact\"><a style=\"background-color: rgba(0, 0, 0, 0);\" href=\"mailto:services@andyor.com\">\u2709\ufe0f Email: <b><u>services@andyor.com<\/u><\/b><\/a><\/div>\n<div>&nbsp;<\/div>\n<div class=\"contact\">Tous les messages sont examin\u00e9s quotidiennement et vous recevrez une r\u00e9ponse dans les plus brefs d\u00e9lais.<\/div>\n<\/div><\/div><\/div><div class=\"fusion-clearfix\"><\/div><\/div><script type=\"text\/javascript\">var gform;gform||(document.addEventListener(\"gform_main_scripts_loaded\",function(){gform.scriptsLoaded=!0}),window.addEventListener(\"DOMContentLoaded\",function(){gform.domLoaded=!0}),gform={domLoaded:!1,scriptsLoaded:!1,initializeOnLoaded:function(o){gform.domLoaded&&gform.scriptsLoaded?o():!gform.domLoaded&&gform.scriptsLoaded?window.addEventListener(\"DOMContentLoaded\",o):document.addEventListener(\"gform_main_scripts_loaded\",o)},hooks:{action:{},filter:{}},addAction:function(o,n,r,t){gform.addHook(\"action\",o,n,r,t)},addFilter:function(o,n,r,t){gform.addHook(\"filter\",o,n,r,t)},doAction:function(o){gform.doHook(\"action\",o,arguments)},applyFilters:function(o){return gform.doHook(\"filter\",o,arguments)},removeAction:function(o,n){gform.removeHook(\"action\",o,n)},removeFilter:function(o,n,r){gform.removeHook(\"filter\",o,n,r)},addHook:function(o,n,r,t,i){null==gform.hooks[o][n]&&(gform.hooks[o][n]=[]);var e=gform.hooks[o][n];null==i&&(i=n+\"_\"+e.length),gform.hooks[o][n].push({tag:i,callable:r,priority:t=null==t?10:t})},doHook:function(n,o,r){var t;if(r=Array.prototype.slice.call(r,1),null!=gform.hooks[n][o]&&((o=gform.hooks[n][o]).sort(function(o,n){return o.priority-n.priority}),o.forEach(function(o){\"function\"!=typeof(t=o.callable)&&(t=window[t]),\"action\"==n?t.apply(null,r):r[0]=t.apply(null,r)})),\"filter\"==n)return r[0]},removeHook:function(o,n,t,i){var r;null!=gform.hooks[o][n]&&(r=(r=gform.hooks[o][n]).filter(function(o,n,r){return!!(null!=i&&i!=o.tag||null!=t&&t!=o.priority)}),gform.hooks[o][n]=r)}});<\/script>\n                <div class='gf_browser_gecko gform_wrapper gravity-theme' id='gform_wrapper_21' >\n                        <div class='gform_heading'>\n                            <h2 class=\"gform_title\">SERVICES ET ADAPTATIONS<\/h2>\n                            <span class='gform_description'><\/span>\n\t\t\t\t\t\t\t<p class='gform_required_legend'>\u00ab\u00a0<span class=\"gfield_required gfield_required_asterisk\">*<\/span>\u00a0\u00bb indique les champs n\u00e9cessaires<\/p>\n                        <\/div><form method='post' enctype='multipart\/form-data'  id='gform_21'  action='\/fr\/wp-json\/wp\/v2\/pages\/38798' novalidate>\n                        <div class='gform_body gform-body'><div id='gform_fields_21' class='gform_fields top_label form_sublabel_below description_below'><fieldset id=\"field_21_1\"  class=\"gfield gfield_contains_required field_sublabel_below field_description_below gfield_visibility_visible\"  data-js-reload=\"field_21_1\"><legend class='gfield_label gfield_label_before_complex'  >Nom<span class=\"gfield_required\"><span class=\"gfield_required gfield_required_asterisk\">*<\/span><\/span><\/legend><div class='ginput_complex ginput_container no_prefix has_first_name no_middle_name no_last_name no_suffix gf_name_has_1 ginput_container_name' id='input_21_1'>\n                            \n                            <span id='input_21_1_3_container' class='name_first' >\n                                                    <input type='text' name='input_1.3' id='input_21_1_3' value=''   aria-required='true'     \/>\n                                                    <label for='input_21_1_3' >Nom<\/label>\n                                                <\/span>\n                            \n                            \n                            \n                        <\/div><\/fieldset><div id=\"field_21_3\"  class=\"gfield gfield--width-full gfield_contains_required field_sublabel_below field_description_below gfield_visibility_visible\"  data-js-reload=\"field_21_3\"><label class='gfield_label' for='input_21_3' >Entreprise<span class=\"gfield_required\"><span class=\"gfield_required gfield_required_asterisk\">*<\/span><\/span><\/label><div class='ginput_container ginput_container_text'><input name='input_3' id='input_21_3' type='text' value='' class='large'     aria-required=\"true\" aria-invalid=\"false\"   \/> <\/div><\/div><div id=\"field_21_4\"  class=\"gfield gfield--width-full gfield_contains_required field_sublabel_below field_description_below gfield_visibility_visible\"  data-js-reload=\"field_21_4\"><label class='gfield_label' for='input_21_4' >Pays<span class=\"gfield_required\"><span class=\"gfield_required gfield_required_asterisk\">*<\/span><\/span><\/label><div class='ginput_container ginput_container_text'><input name='input_4' id='input_21_4' type='text' value='' class='large'     aria-required=\"true\" aria-invalid=\"false\"   \/> <\/div><\/div><div id=\"field_21_5\"  class=\"gfield gfield--width-full gfield_contains_required field_sublabel_below field_description_below gfield_visibility_visible\"  data-js-reload=\"field_21_5\"><label class='gfield_label' for='input_21_5' >T\u00e9l\u00e9phone<span class=\"gfield_required\"><span class=\"gfield_required gfield_required_asterisk\">*<\/span><\/span><\/label><div class='ginput_container ginput_container_phone'><input name='input_5' id='input_21_5' type='tel' value='' class='large'   aria-required=\"true\" aria-invalid=\"false\" aria-describedby=\"gfield_description_21_5\"  \/><\/div><div class='gfield_description' id='gfield_description_21_5'>Veuillez indiquer votre indicatif<\/div><\/div><div id=\"field_21_6\"  class=\"gfield gfield--width-full gfield_contains_required field_sublabel_below field_description_below gfield_visibility_visible\"  data-js-reload=\"field_21_6\"><label class='gfield_label' for='input_21_6' >E-mail<span class=\"gfield_required\"><span class=\"gfield_required gfield_required_asterisk\">*<\/span><\/span><\/label><div class='ginput_container ginput_container_email'>\n                            <input name='input_6' id='input_21_6' type='email' value='' class='large'    aria-required=\"true\" aria-invalid=\"false\"  \/>\n                        <\/div><\/div><div id=\"field_21_7\"  class=\"gfield gfield--width-full gfield_contains_required field_sublabel_below field_description_below gfield_visibility_visible\"  data-js-reload=\"field_21_7\"><label class='gfield_label' for='input_21_7' >Objet<span class=\"gfield_required\"><span class=\"gfield_required gfield_required_asterisk\">*<\/span><\/span><\/label><div class='ginput_container ginput_container_select'><select name='input_7' id='input_21_7' class='large gfield_select'    aria-required=\"true\" aria-invalid=\"false\" ><option value='Demande de documentation' >Demande de documentation<\/option><option value='Adaptation d\u2019un \u00e9quipement' >Adaptation d\u2019un \u00e9quipement<\/option><option value='Service de maintenance' >Service de maintenance<\/option><option value='Assistance \u00e0 distance' >Assistance \u00e0 distance<\/option><option value='Formation' >Formation<\/option><option value='Visite d\u2019audit' >Visite d\u2019audit<\/option><option value='Autres' >Autres<\/option><\/select><\/div><\/div><div id=\"field_21_8\"  class=\"gfield gfield--width-full gfield_contains_required field_sublabel_below field_description_below gfield_visibility_visible\"  data-js-reload=\"field_21_8\"><label class='gfield_label' for='input_21_8' >Num\u00e9ro(s) de machine (YYXXXX-X.X)<span class=\"gfield_required\"><span class=\"gfield_required gfield_required_asterisk\">*<\/span><\/span><\/label><div class='ginput_container ginput_container_text'><input name='input_8' id='input_21_8' type='text' value='' class='large'     aria-required=\"true\" aria-invalid=\"false\"   \/> <\/div><\/div><div id=\"field_21_9\"  class=\"gfield gfield--width-full field_sublabel_below field_description_below gfield_visibility_visible\"  data-js-reload=\"field_21_9\"><label class='gfield_label' for='gform_browse_button_21_9' >Fichiers<\/label><div class='ginput_container ginput_container_fileupload'><div id='gform_multifile_upload_21_9' data-settings='{&quot;runtimes&quot;:&quot;html5,flash,html4&quot;,&quot;browse_button&quot;:&quot;gform_browse_button_21_9&quot;,&quot;container&quot;:&quot;gform_multifile_upload_21_9&quot;,&quot;drop_element&quot;:&quot;gform_drag_drop_area_21_9&quot;,&quot;filelist&quot;:&quot;gform_preview_21_9&quot;,&quot;unique_names&quot;:true,&quot;file_data_name&quot;:&quot;file&quot;,&quot;url&quot;:&quot;https:\\\/\\\/andyor.com\\\/fr\\\/?gf_page=ea81ed1981f341c&quot;,&quot;flash_swf_url&quot;:&quot;https:\\\/\\\/andyor.com\\\/wp-includes\\\/js\\\/plupload\\\/plupload.flash.swf&quot;,&quot;silverlight_xap_url&quot;:&quot;https:\\\/\\\/andyor.com\\\/wp-includes\\\/js\\\/plupload\\\/plupload.silverlight.xap&quot;,&quot;filters&quot;:{&quot;mime_types&quot;:[{&quot;title&quot;:&quot;Fichiers autoris\\u00e9s&quot;,&quot;extensions&quot;:&quot;*&quot;}],&quot;max_file_size&quot;:&quot;52428800b&quot;},&quot;multipart&quot;:true,&quot;urlstream_upload&quot;:false,&quot;multipart_params&quot;:{&quot;form_id&quot;:21,&quot;field_id&quot;:9},&quot;gf_vars&quot;:{&quot;max_files&quot;:0,&quot;message_id&quot;:&quot;gform_multifile_messages_21_9&quot;,&quot;disallowed_extensions&quot;:[&quot;php&quot;,&quot;asp&quot;,&quot;aspx&quot;,&quot;cmd&quot;,&quot;csh&quot;,&quot;bat&quot;,&quot;html&quot;,&quot;htm&quot;,&quot;hta&quot;,&quot;jar&quot;,&quot;exe&quot;,&quot;com&quot;,&quot;js&quot;,&quot;lnk&quot;,&quot;htaccess&quot;,&quot;phtml&quot;,&quot;ps1&quot;,&quot;ps2&quot;,&quot;php3&quot;,&quot;php4&quot;,&quot;php5&quot;,&quot;php6&quot;,&quot;py&quot;,&quot;rb&quot;,&quot;tmp&quot;]}}' class='gform_fileupload_multifile'>\n\t\t\t\t\t\t\t\t\t\t<div id='gform_drag_drop_area_21_9' class='gform_drop_area'>\n\t\t\t\t\t\t\t\t\t\t\t<span class='gform_drop_instructions'>D\u00e9posez les fichiers ici ou <\/span>\n\t\t\t\t\t\t\t\t\t\t\t<button type='button' id='gform_browse_button_21_9' class='button gform_button_select_files' aria-describedby=\"gfield_upload_rules_21_9\"  >S\u00e9lectionnez des fichiers<\/button>\n\t\t\t\t\t\t\t\t\t\t<\/div>\n\t\t\t\t\t\t\t\t\t<\/div><span class='gform_fileupload_rules' id='gfield_upload_rules_21_9'>Taille max. des fichiers\u00a0: 50 MB.<\/span><ul class='validation_message validation_message--hidden-on-empty gfield_validation_message gform-ul-reset' id='gform_multifile_messages_21_9'><\/ul> <!-- Leave <ul> empty to support CSS :empty selector. --><\/div><div id='gform_preview_21_9'><\/div><\/div><div id=\"field_21_10\"  class=\"gfield gfield--width-full field_sublabel_below field_description_below gfield_visibility_visible\"  data-js-reload=\"field_21_10\"><label class='gfield_label' for='input_21_10' >Commentaires<\/label><div class='ginput_container ginput_container_textarea'><textarea name='input_10' id='input_21_10' class='textarea large'      aria-invalid=\"false\"   rows='10' cols='50'><\/textarea><\/div><\/div><div id=\"field_21_11\"  class=\"gfield gfield--width-full field_sublabel_below field_description_below gfield_visibility_visible\"  data-js-reload=\"field_21_11\"><label class='gfield_label' for='input_21_11' >CAPTCHA<\/label><div id='input_21_11' class='ginput_container ginput_recaptcha' data-sitekey='6Lcb4w4mAAAAAJJnD30S4slqjLv16YNoIL61V9BI'  data-theme='light' data-tabindex='0'  data-badge=''><\/div><\/div><\/div><\/div>\n        <div class='gform_footer top_label'> <input type='submit' id='gform_submit_button_21' class='gform_button button' value='Enviar'  onclick='if(window[\"gf_submitting_21\"]){return false;}  if( !jQuery(\"#gform_21\")[0].checkValidity || jQuery(\"#gform_21\")[0].checkValidity()){window[\"gf_submitting_21\"]=true;}  ' onkeypress='if( event.keyCode == 13 ){ if(window[\"gf_submitting_21\"]){return false;} if( !jQuery(\"#gform_21\")[0].checkValidity || jQuery(\"#gform_21\")[0].checkValidity()){window[\"gf_submitting_21\"]=true;}  jQuery(\"#gform_21\").trigger(\"submit\",[true]); }' \/> \n            <input type='hidden' class='gform_hidden' name='is_submit_21' value='1' \/>\n            <input type='hidden' class='gform_hidden' name='gform_submit' value='21' \/>\n            \n            <input type='hidden' class='gform_hidden' name='gform_unique_id' value='' \/>\n            <input type='hidden' class='gform_hidden' name='state_21' value='WyJbXSIsImY1YTRhOWVkODg4ZmVkYzY3N2MzYmIzYTkwOGQzY2QwIl0=' \/>\n            <input type='hidden' class='gform_hidden' name='gform_target_page_number_21' id='gform_target_page_number_21' value='0' \/>\n            <input type='hidden' class='gform_hidden' name='gform_source_page_number_21' id='gform_source_page_number_21' value='1' \/>\n            <input type='hidden' name='gform_field_values' value='' \/>\n            <input type='hidden' name='gform_uploaded_files' id='gform_uploaded_files_21' value='' \/>\n        <\/div>\n                        <p style=\"display: none !important;\" class=\"akismet-fields-container\" data-prefix=\"ak_\"><label>&#916;<textarea name=\"ak_hp_textarea\" cols=\"45\" rows=\"8\" maxlength=\"100\"><\/textarea><\/label><input type=\"hidden\" id=\"ak_js_1\" name=\"ak_js\" value=\"17\"\/><script>document.getElementById( \"ak_js_1\" ).setAttribute( \"value\", ( new Date() ).getTime() );<\/script><\/p><\/form>\n                        <\/div><\/div><\/div><\/div><\/div><div class=\"fusion-fullwidth fullwidth-box fusion-builder-row-2 fusion-flex-container has-pattern-background has-mask-background nonhundred-percent-fullwidth non-hundred-percent-height-scrolling\" style=\"--awb-border-radius-top-left:0px;--awb-border-radius-top-right:0px;--awb-border-radius-bottom-right:0px;--awb-border-radius-bottom-left:0px;--awb-flex-wrap:wrap;\" ><div class=\"fusion-builder-row fusion-row fusion-flex-align-items-flex-start fusion-flex-content-wrap\" style=\"max-width:1248px;margin-left: calc(-4% \/ 2 );margin-right: calc(-4% \/ 2 );\"><\/div><\/div><\/p>\n","protected":false},"excerpt":{"rendered":"","protected":false},"author":550,"featured_media":0,"parent":38792,"menu_order":0,"comment_status":"closed","ping_status":"closed","template":"","meta":{"footnotes":""},"class_list":["post-38798","page","type-page","status-publish","hentry"],"yoast_head":"<!-- This site is optimized with the Yoast SEO plugin v27.3 - https:\/\/yoast.com\/product\/yoast-seo-wordpress\/ -->\n<title>SERVICES ET ADAPTATIONS - Andyor<\/title>\n<meta name=\"robots\" content=\"index, follow, max-snippet:-1, max-image-preview:large, max-video-preview:-1\" \/>\n<link rel=\"canonical\" href=\"https:\/\/andyor.com\/fr\/demande-de-services\/services-et-adaptations\/\" \/>\n<meta property=\"og:locale\" content=\"fr_FR\" \/>\n<meta property=\"og:type\" content=\"article\" \/>\n<meta property=\"og:title\" content=\"SERVICES ET ADAPTATIONS - Andyor\" \/>\n<meta property=\"og:url\" content=\"https:\/\/andyor.com\/fr\/demande-de-services\/services-et-adaptations\/\" \/>\n<meta property=\"og:site_name\" content=\"Andyor\" \/>\n<meta property=\"article:modified_time\" content=\"2025-11-25T07:41:26+00:00\" \/>\n<meta name=\"twitter:card\" content=\"summary_large_image\" \/>\n<script type=\"application\/ld+json\" class=\"yoast-schema-graph\">{\"@context\":\"https:\\\/\\\/schema.org\",\"@graph\":[{\"@type\":\"WebPage\",\"@id\":\"https:\\\/\\\/andyor.com\\\/fr\\\/demande-de-services\\\/services-et-adaptations\\\/\",\"url\":\"https:\\\/\\\/andyor.com\\\/fr\\\/demande-de-services\\\/services-et-adaptations\\\/\",\"name\":\"SERVICES ET ADAPTATIONS - Andyor\",\"isPartOf\":{\"@id\":\"https:\\\/\\\/andyor.com\\\/#website\"},\"datePublished\":\"2025-11-24T15:01:38+00:00\",\"dateModified\":\"2025-11-25T07:41:26+00:00\",\"breadcrumb\":{\"@id\":\"https:\\\/\\\/andyor.com\\\/fr\\\/demande-de-services\\\/services-et-adaptations\\\/#breadcrumb\"},\"inLanguage\":\"fr-FR\",\"potentialAction\":[{\"@type\":\"ReadAction\",\"target\":[\"https:\\\/\\\/andyor.com\\\/fr\\\/demande-de-services\\\/services-et-adaptations\\\/\"]}]},{\"@type\":\"BreadcrumbList\",\"@id\":\"https:\\\/\\\/andyor.com\\\/fr\\\/demande-de-services\\\/services-et-adaptations\\\/#breadcrumb\",\"itemListElement\":[{\"@type\":\"ListItem\",\"position\":1,\"name\":\"DEMANDE DE SERVICES\",\"item\":\"https:\\\/\\\/andyor.com\\\/fr\\\/demande-de-services\\\/\"},{\"@type\":\"ListItem\",\"position\":2,\"name\":\"SERVICES ET ADAPTATIONS\"}]},{\"@type\":\"WebSite\",\"@id\":\"https:\\\/\\\/andyor.com\\\/#website\",\"url\":\"https:\\\/\\\/andyor.com\\\/\",\"name\":\"Andyor\",\"description\":\"Solutions for Blow molding, Bottling and Packaging industries\",\"potentialAction\":[{\"@type\":\"SearchAction\",\"target\":{\"@type\":\"EntryPoint\",\"urlTemplate\":\"https:\\\/\\\/andyor.com\\\/?s={search_term_string}\"},\"query-input\":{\"@type\":\"PropertyValueSpecification\",\"valueRequired\":true,\"valueName\":\"search_term_string\"}}],\"inLanguage\":\"fr-FR\"}]}<\/script>\n<!-- \/ Yoast SEO plugin. -->","yoast_head_json":{"title":"SERVICES ET ADAPTATIONS - Andyor","robots":{"index":"index","follow":"follow","max-snippet":"max-snippet:-1","max-image-preview":"max-image-preview:large","max-video-preview":"max-video-preview:-1"},"canonical":"https:\/\/andyor.com\/fr\/demande-de-services\/services-et-adaptations\/","og_locale":"fr_FR","og_type":"article","og_title":"SERVICES ET ADAPTATIONS - Andyor","og_url":"https:\/\/andyor.com\/fr\/demande-de-services\/services-et-adaptations\/","og_site_name":"Andyor","article_modified_time":"2025-11-25T07:41:26+00:00","twitter_card":"summary_large_image","schema":{"@context":"https:\/\/schema.org","@graph":[{"@type":"WebPage","@id":"https:\/\/andyor.com\/fr\/demande-de-services\/services-et-adaptations\/","url":"https:\/\/andyor.com\/fr\/demande-de-services\/services-et-adaptations\/","name":"SERVICES ET ADAPTATIONS - Andyor","isPartOf":{"@id":"https:\/\/andyor.com\/#website"},"datePublished":"2025-11-24T15:01:38+00:00","dateModified":"2025-11-25T07:41:26+00:00","breadcrumb":{"@id":"https:\/\/andyor.com\/fr\/demande-de-services\/services-et-adaptations\/#breadcrumb"},"inLanguage":"fr-FR","potentialAction":[{"@type":"ReadAction","target":["https:\/\/andyor.com\/fr\/demande-de-services\/services-et-adaptations\/"]}]},{"@type":"BreadcrumbList","@id":"https:\/\/andyor.com\/fr\/demande-de-services\/services-et-adaptations\/#breadcrumb","itemListElement":[{"@type":"ListItem","position":1,"name":"DEMANDE DE SERVICES","item":"https:\/\/andyor.com\/fr\/demande-de-services\/"},{"@type":"ListItem","position":2,"name":"SERVICES ET ADAPTATIONS"}]},{"@type":"WebSite","@id":"https:\/\/andyor.com\/#website","url":"https:\/\/andyor.com\/","name":"Andyor","description":"Solutions for Blow molding, Bottling and Packaging industries","potentialAction":[{"@type":"SearchAction","target":{"@type":"EntryPoint","urlTemplate":"https:\/\/andyor.com\/?s={search_term_string}"},"query-input":{"@type":"PropertyValueSpecification","valueRequired":true,"valueName":"search_term_string"}}],"inLanguage":"fr-FR"}]}},"_links":{"self":[{"href":"https:\/\/andyor.com\/fr\/wp-json\/wp\/v2\/pages\/38798","targetHints":{"allow":["GET"]}}],"collection":[{"href":"https:\/\/andyor.com\/fr\/wp-json\/wp\/v2\/pages"}],"about":[{"href":"https:\/\/andyor.com\/fr\/wp-json\/wp\/v2\/types\/page"}],"author":[{"embeddable":true,"href":"https:\/\/andyor.com\/fr\/wp-json\/wp\/v2\/users\/550"}],"replies":[{"embeddable":true,"href":"https:\/\/andyor.com\/fr\/wp-json\/wp\/v2\/comments?post=38798"}],"version-history":[{"count":3,"href":"https:\/\/andyor.com\/fr\/wp-json\/wp\/v2\/pages\/38798\/revisions"}],"predecessor-version":[{"id":38827,"href":"https:\/\/andyor.com\/fr\/wp-json\/wp\/v2\/pages\/38798\/revisions\/38827"}],"up":[{"embeddable":true,"href":"https:\/\/andyor.com\/fr\/wp-json\/wp\/v2\/pages\/38792"}],"wp:attachment":[{"href":"https:\/\/andyor.com\/fr\/wp-json\/wp\/v2\/media?parent=38798"}],"curies":[{"name":"wp","href":"https:\/\/api.w.org\/{rel}","templated":true}]}}